{"id":2063,"date":"2017-10-30T15:26:32","date_gmt":"2017-10-30T15:26:32","guid":{"rendered":"http:\/\/update.seabornnetworks.com\/?page_id=2063"},"modified":"2022-02-03T10:12:59","modified_gmt":"2022-02-03T10:12:59","slug":"rede","status":"publish","type":"page","link":"https:\/\/seabornnetworks.com\/homolog\/rede\/?lang=pt-br","title":{"rendered":"Rede"},"content":{"rendered":"<h3>Profundidade e alcance<\/h3>\n<p>N\u00e3o s\u00e3o apenas nossos cabos submarinos que se aprofundam atrav\u00e9s das \u00e1guas do Oceano Atl\u00e2ntico. Nossa rede para as Am\u00e9ricas oferece conectividade de alta capacidade n\u00e3o somente para o Brasil e os EUA, mas para toda a regi\u00e3o.<\/p>\n<p>E nosso alcance n\u00e3o para nas Am\u00e9ricas. Entregamos conte\u00fado de todo o mundo para a regi\u00e3o atrav\u00e9s de uma rede que nunca est\u00e1 congestionada, garantindo alto desempenho e lat\u00eancia de servi\u00e7o cr\u00edticos no dia a dia em todos os aspectos de nossas vidas digitais.<\/p>\n","protected":false},"excerpt":{"rendered":"<p>Profundidade e alcance N\u00e3o s\u00e3o apenas nossos cabos submarinos que se aprofundam atrav\u00e9s das \u00e1guas do Oceano Atl\u00e2ntico. Nossa rede para as Am\u00e9ricas oferece conectividade de alta capacidade n\u00e3o somente para o Brasil e os EUA, mas para toda a regi\u00e3o. E nosso alcance n\u00e3o para nas Am\u00e9ricas. Entregamos conte\u00fado de todo o mundo para [&hellip;]<\/p>\n","protected":false},"author":2,"featured_media":0,"parent":0,"menu_order":3,"comment_status":"closed","ping_status":"closed","template":"","meta":{"_acf_changed":false,"footnotes":""},"class_list":["post-2063","page","type-page","status-publish","hentry"],"acf":[],"yoast_head":"<!-- This site is optimized with the Yoast SEO plugin v27.4 - https:\/\/yoast.com\/product\/yoast-seo-wordpress\/ -->\n<title>Seaborn Systems Seabras-1, AMX-1 | Seaborn<\/title>\n<meta name=\"description\" content=\"Seaborn Systems Seabras-1 and AMX-1.\" \/>\n<meta name=\"robots\" content=\"index, follow, max-snippet:-1, max-image-preview:large, max-video-preview:-1\" \/>\n<link rel=\"canonical\" href=\"https:\/\/seabornnetworks.com\/homolog\/rede\/?lang=pt-br\" \/>\n<meta property=\"og:locale\" content=\"en_US\" \/>\n<meta property=\"og:type\" content=\"article\" \/>\n<meta property=\"og:title\" content=\"Seaborn Systems Seabras-1, AMX-1 | Seaborn\" \/>\n<meta property=\"og:description\" content=\"Seaborn Systems Seabras-1 and AMX-1.\" \/>\n<meta property=\"og:url\" content=\"https:\/\/seabornnetworks.com\/homolog\/rede\/?lang=pt-br\" \/>\n<meta property=\"og:site_name\" content=\"Seaborn Networks\" \/>\n<meta property=\"article:publisher\" content=\"https:\/\/www.facebook.com\/seabornnetworks\" \/>\n<meta property=\"article:modified_time\" content=\"2022-02-03T10:12:59+00:00\" \/>\n<meta name=\"twitter:card\" content=\"summary_large_image\" \/>\n<meta name=\"twitter:site\" content=\"@seabornnetworks\" \/>\n<meta name=\"twitter:label1\" content=\"Est. reading time\" \/>\n\t<meta name=\"twitter:data1\" content=\"1 minute\" \/>\n<script type=\"application\/ld+json\" class=\"yoast-schema-graph\">{\"@context\":\"https:\\\/\\\/schema.org\",\"@graph\":[{\"@type\":\"WebPage\",\"@id\":\"https:\\\/\\\/seabornnetworks.com\\\/homolog\\\/rede\\\/?lang=pt-br\",\"url\":\"https:\\\/\\\/seabornnetworks.com\\\/homolog\\\/rede\\\/?lang=pt-br\",\"name\":\"Seaborn Systems Seabras-1, AMX-1 | Seaborn\",\"isPartOf\":{\"@id\":\"https:\\\/\\\/seabornnetworks.com\\\/homolog\\\/#website\"},\"datePublished\":\"2017-10-30T15:26:32+00:00\",\"dateModified\":\"2022-02-03T10:12:59+00:00\",\"description\":\"Seaborn Systems Seabras-1 and AMX-1.\",\"breadcrumb\":{\"@id\":\"https:\\\/\\\/seabornnetworks.com\\\/homolog\\\/rede\\\/?lang=pt-br#breadcrumb\"},\"inLanguage\":\"en-US\",\"potentialAction\":[{\"@type\":\"ReadAction\",\"target\":[\"https:\\\/\\\/seabornnetworks.com\\\/homolog\\\/rede\\\/?lang=pt-br\"]}]},{\"@type\":\"BreadcrumbList\",\"@id\":\"https:\\\/\\\/seabornnetworks.com\\\/homolog\\\/rede\\\/?lang=pt-br#breadcrumb\",\"itemListElement\":[{\"@type\":\"ListItem\",\"position\":1,\"name\":\"Home\",\"item\":\"https:\\\/\\\/seabornnetworks.com\\\/homolog\\\/\"},{\"@type\":\"ListItem\",\"position\":2,\"name\":\"Rede\"}]},{\"@type\":\"WebSite\",\"@id\":\"https:\\\/\\\/seabornnetworks.com\\\/homolog\\\/#website\",\"url\":\"https:\\\/\\\/seabornnetworks.com\\\/homolog\\\/\",\"name\":\"Seaborn Networks\",\"description\":\"Seaborn Networks is transforming global communications as the leading independent developer-owner-operator of submarine fiber optic cable systems\",\"potentialAction\":[{\"@type\":\"SearchAction\",\"target\":{\"@type\":\"EntryPoint\",\"urlTemplate\":\"https:\\\/\\\/seabornnetworks.com\\\/homolog\\\/?s={search_term_string}\"},\"query-input\":{\"@type\":\"PropertyValueSpecification\",\"valueRequired\":true,\"valueName\":\"search_term_string\"}}],\"inLanguage\":\"en-US\"}]}<\/script>\n<!-- \/ Yoast SEO plugin. -->","yoast_head_json":{"title":"Seaborn Systems Seabras-1, AMX-1 | Seaborn","description":"Seaborn Systems Seabras-1 and AMX-1.","robots":{"index":"index","follow":"follow","max-snippet":"max-snippet:-1","max-image-preview":"max-image-preview:large","max-video-preview":"max-video-preview:-1"},"canonical":"https:\/\/seabornnetworks.com\/homolog\/rede\/?lang=pt-br","og_locale":"en_US","og_type":"article","og_title":"Seaborn Systems Seabras-1, AMX-1 | Seaborn","og_description":"Seaborn Systems Seabras-1 and AMX-1.","og_url":"https:\/\/seabornnetworks.com\/homolog\/rede\/?lang=pt-br","og_site_name":"Seaborn Networks","article_publisher":"https:\/\/www.facebook.com\/seabornnetworks","article_modified_time":"2022-02-03T10:12:59+00:00","twitter_card":"summary_large_image","twitter_site":"@seabornnetworks","twitter_misc":{"Est. reading time":"1 minute"},"schema":{"@context":"https:\/\/schema.org","@graph":[{"@type":"WebPage","@id":"https:\/\/seabornnetworks.com\/homolog\/rede\/?lang=pt-br","url":"https:\/\/seabornnetworks.com\/homolog\/rede\/?lang=pt-br","name":"Seaborn Systems Seabras-1, AMX-1 | Seaborn","isPartOf":{"@id":"https:\/\/seabornnetworks.com\/homolog\/#website"},"datePublished":"2017-10-30T15:26:32+00:00","dateModified":"2022-02-03T10:12:59+00:00","description":"Seaborn Systems Seabras-1 and AMX-1.","breadcrumb":{"@id":"https:\/\/seabornnetworks.com\/homolog\/rede\/?lang=pt-br#breadcrumb"},"inLanguage":"en-US","potentialAction":[{"@type":"ReadAction","target":["https:\/\/seabornnetworks.com\/homolog\/rede\/?lang=pt-br"]}]},{"@type":"BreadcrumbList","@id":"https:\/\/seabornnetworks.com\/homolog\/rede\/?lang=pt-br#breadcrumb","itemListElement":[{"@type":"ListItem","position":1,"name":"Home","item":"https:\/\/seabornnetworks.com\/homolog\/"},{"@type":"ListItem","position":2,"name":"Rede"}]},{"@type":"WebSite","@id":"https:\/\/seabornnetworks.com\/homolog\/#website","url":"https:\/\/seabornnetworks.com\/homolog\/","name":"Seaborn Networks","description":"Seaborn Networks is transforming global communications as the leading independent developer-owner-operator of submarine fiber optic cable systems","potentialAction":[{"@type":"SearchAction","target":{"@type":"EntryPoint","urlTemplate":"https:\/\/seabornnetworks.com\/homolog\/?s={search_term_string}"},"query-input":{"@type":"PropertyValueSpecification","valueRequired":true,"valueName":"search_term_string"}}],"inLanguage":"en-US"}]}},"_links":{"self":[{"href":"https:\/\/seabornnetworks.com\/homolog\/wp-json\/wp\/v2\/pages\/2063","targetHints":{"allow":["GET"]}}],"collection":[{"href":"https:\/\/seabornnetworks.com\/homolog\/wp-json\/wp\/v2\/pages"}],"about":[{"href":"https:\/\/seabornnetworks.com\/homolog\/wp-json\/wp\/v2\/types\/page"}],"author":[{"embeddable":true,"href":"https:\/\/seabornnetworks.com\/homolog\/wp-json\/wp\/v2\/users\/2"}],"replies":[{"embeddable":true,"href":"https:\/\/seabornnetworks.com\/homolog\/wp-json\/wp\/v2\/comments?post=2063"}],"version-history":[{"count":3,"href":"https:\/\/seabornnetworks.com\/homolog\/wp-json\/wp\/v2\/pages\/2063\/revisions"}],"predecessor-version":[{"id":4541,"href":"https:\/\/seabornnetworks.com\/homolog\/wp-json\/wp\/v2\/pages\/2063\/revisions\/4541"}],"wp:attachment":[{"href":"https:\/\/seabornnetworks.com\/homolog\/wp-json\/wp\/v2\/media?parent=2063"}],"curies":[{"name":"wp","href":"https:\/\/api.w.org\/{rel}","templated":true}]}}