{"id":2099,"date":"2017-10-31T14:07:03","date_gmt":"2017-10-31T14:07:03","guid":{"rendered":"http:\/\/update.seabornnetworks.com\/?page_id=2099"},"modified":"2025-04-21T15:49:21","modified_gmt":"2025-04-21T14:49:21","slug":"seaborn-networks-seaspeed-nivel-1-nivel-2-e-nivel-3","status":"publish","type":"page","link":"https:\/\/seabornnetworks.com\/homolog\/produtos\/seaborn-networks-seaspeed-nivel-1-nivel-2-e-nivel-3\/?lang=pt-br","title":{"rendered":"Lat\u00eancia ultrabaixa SeaSpeed\u2122"},"content":{"rendered":"<p><span style=\"font-weight: 400;\">Apenas a Seaborn Networks oferece o SeaSpeed\u2122 no Seabras-1 para o setor financeiro: a rota de menor lat\u00eancia e alta disponibilidade entre as bolsas de valores de Nova Jersey e S\u00e3o Paulo (B3 SPA). O SeaSpeed\u2122 \u00e9 fornecido por meio de interfaces dedicadas, com capacidade exclusiva da B3 (SPA) at\u00e9 o ponto de presen\u00e7a (POP) em Carteret, localizado no 1400 Federal Boulevard, com conectividade dispon\u00edvel at\u00e9 o POP NY4 da Equinix em Nova Jersey e o POP SP3 em S\u00e3o Paulo.<\/span><\/p>\n<p><b>Menor lat\u00eancia<\/b><b><br \/>\n<\/b><span style=\"font-weight: 400;\">Os tr\u00eas n\u00edveis do SeaSpeed\u2122 s\u00e3o mais r\u00e1pidos do que qualquer outro servi\u00e7o de fibra \u00f3ptica de alta disponibilidade atualmente dispon\u00edvel, incluindo todos os demais servi\u00e7os no Seabras-1.<\/span><\/p>\n<p><b>Seguran\u00e7a e confiabilidade<\/b><b><br \/>\n<\/b><span style=\"font-weight: 400;\">O Seabras-1 foi projetado para conectar os centros comerciais e financeiros do Brasil e dos Estados Unidos. Com 100% da rede terrestre no Brasil enterrada e protegida, e com rotas terrestres diversas com lat\u00eancia equilibrada, o SeaSpeed\u2122 oferece o m\u00e1ximo desempenho e confiabilidade.<\/span><\/p>\n<p><b>Locais com presen\u00e7a de rede (On-Net)<\/b><b><br \/>\n<\/b><b>NOVA JERSEY<\/b><b><br \/>\n<\/b><span style=\"font-weight: 400;\">1400 Federal Boulevard, Carteret<\/span><span style=\"font-weight: 400;\"><br \/>\n<\/span><span style=\"font-weight: 400;\">Campus da Equinix em Secaucus (NY2, NY4, NY5, NY6)<\/span><\/p>\n<p><b>S\u00c3O PAULO<\/b><b><br \/>\n<\/b><span style=\"font-weight: 400;\">Data Center da B3 (SPA)<\/span><span style=\"font-weight: 400;\"><br \/>\n<\/span><span style=\"font-weight: 400;\">Rua Ricardo Prudente de Aquino, 85, Santana de Parna\u00edba<\/span><span style=\"font-weight: 400;\"><br \/>\n<\/span><span style=\"font-weight: 400;\">Data Center Equinix SP3<\/span><\/p>\n<p><span style=\"font-weight: 400;\">Para solicita\u00e7\u00f5es de projeto e informa\u00e7\u00f5es sobre pre\u00e7os desta solu\u00e7\u00e3o, entre em contato com o time comercial pelo telefone +55 11 91851-5189 ou envie um e-mail para <a href=\"mailto:info@seabornnetworks.com\">info@seabornnetworks.com<\/a><\/span><\/p>\n","protected":false},"excerpt":{"rendered":"<p>Apenas a Seaborn Networks oferece o SeaSpeed\u2122 no Seabras-1 para o setor financeiro: a rota de menor lat\u00eancia e alta disponibilidade entre as bolsas de valores de Nova Jersey e S\u00e3o Paulo (B3 SPA). O SeaSpeed\u2122 \u00e9 fornecido por meio de interfaces dedicadas, com capacidade exclusiva da B3 (SPA) at\u00e9 o ponto de presen\u00e7a (POP) [&hellip;]<\/p>\n","protected":false},"author":2,"featured_media":4377,"parent":2087,"menu_order":1,"comment_status":"closed","ping_status":"closed","template":"","meta":{"_acf_changed":false,"footnotes":""},"class_list":["post-2099","page","type-page","status-publish","has-post-thumbnail","hentry"],"acf":[],"yoast_head":"<!-- This site is optimized with the Yoast SEO plugin v27.4 - https:\/\/yoast.com\/product\/yoast-seo-wordpress\/ -->\n<title>High Capacity Fiber Internet Brazil, SeaSpeed Tier 1, Tier 2 and Tier 3<\/title>\n<meta name=\"description\" content=\"\ufeff\ufeffSeaborn SeaSpeed Tier 1 &amp; Tier 2 provides proprietary solutions for High Frequency Traders and Gaming Customers.\" \/>\n<meta name=\"robots\" content=\"index, follow, max-snippet:-1, max-image-preview:large, max-video-preview:-1\" \/>\n<link rel=\"canonical\" href=\"https:\/\/seabornnetworks.com\/homolog\/produtos\/seaborn-networks-seaspeed-nivel-1-nivel-2-e-nivel-3\/?lang=pt-br\" \/>\n<meta property=\"og:locale\" content=\"en_US\" \/>\n<meta property=\"og:type\" content=\"article\" \/>\n<meta property=\"og:title\" content=\"High Capacity Fiber Internet Brazil, SeaSpeed Tier 1, Tier 2 and Tier 3\" \/>\n<meta property=\"og:description\" content=\"\ufeff\ufeffSeaborn SeaSpeed Tier 1 &amp; Tier 2 provides proprietary solutions for High Frequency Traders and Gaming Customers.\" \/>\n<meta property=\"og:url\" content=\"https:\/\/seabornnetworks.com\/homolog\/produtos\/seaborn-networks-seaspeed-nivel-1-nivel-2-e-nivel-3\/?lang=pt-br\" \/>\n<meta property=\"og:site_name\" content=\"Seaborn Networks\" \/>\n<meta property=\"article:publisher\" content=\"https:\/\/www.facebook.com\/seabornnetworks\" \/>\n<meta property=\"article:modified_time\" content=\"2025-04-21T14:49:21+00:00\" \/>\n<meta property=\"og:image\" content=\"https:\/\/seabornnetworks.com\/homolog\/wp-content\/uploads\/2022\/01\/1522107657942.jpg\" \/>\n\t<meta property=\"og:image:width\" content=\"1240\" \/>\n\t<meta property=\"og:image:height\" content=\"698\" \/>\n\t<meta property=\"og:image:type\" content=\"image\/jpeg\" \/>\n<meta name=\"twitter:card\" content=\"summary_large_image\" \/>\n<meta name=\"twitter:site\" content=\"@seabornnetworks\" \/>\n<meta name=\"twitter:label1\" content=\"Est. reading time\" \/>\n\t<meta name=\"twitter:data1\" content=\"2 minutes\" \/>\n<script type=\"application\/ld+json\" class=\"yoast-schema-graph\">{\"@context\":\"https:\\\/\\\/schema.org\",\"@graph\":[{\"@type\":\"WebPage\",\"@id\":\"https:\\\/\\\/seabornnetworks.com\\\/homolog\\\/produtos\\\/seaborn-networks-seaspeed-nivel-1-nivel-2-e-nivel-3\\\/?lang=pt-br\",\"url\":\"https:\\\/\\\/seabornnetworks.com\\\/homolog\\\/produtos\\\/seaborn-networks-seaspeed-nivel-1-nivel-2-e-nivel-3\\\/?lang=pt-br\",\"name\":\"High Capacity Fiber Internet Brazil, SeaSpeed Tier 1, Tier 2 and Tier 3\",\"isPartOf\":{\"@id\":\"https:\\\/\\\/seabornnetworks.com\\\/homolog\\\/#website\"},\"primaryImageOfPage\":{\"@id\":\"https:\\\/\\\/seabornnetworks.com\\\/homolog\\\/produtos\\\/seaborn-networks-seaspeed-nivel-1-nivel-2-e-nivel-3\\\/?lang=pt-br#primaryimage\"},\"image\":{\"@id\":\"https:\\\/\\\/seabornnetworks.com\\\/homolog\\\/produtos\\\/seaborn-networks-seaspeed-nivel-1-nivel-2-e-nivel-3\\\/?lang=pt-br#primaryimage\"},\"thumbnailUrl\":\"https:\\\/\\\/seabornnetworks.com\\\/homolog\\\/wp-content\\\/uploads\\\/2022\\\/01\\\/1522107657942.jpg\",\"datePublished\":\"2017-10-31T14:07:03+00:00\",\"dateModified\":\"2025-04-21T14:49:21+00:00\",\"description\":\"\ufeff\ufeffSeaborn SeaSpeed Tier 1 & Tier 2 provides proprietary solutions for High Frequency Traders and Gaming Customers.\",\"breadcrumb\":{\"@id\":\"https:\\\/\\\/seabornnetworks.com\\\/homolog\\\/produtos\\\/seaborn-networks-seaspeed-nivel-1-nivel-2-e-nivel-3\\\/?lang=pt-br#breadcrumb\"},\"inLanguage\":\"en-US\",\"potentialAction\":[{\"@type\":\"ReadAction\",\"target\":[\"https:\\\/\\\/seabornnetworks.com\\\/homolog\\\/produtos\\\/seaborn-networks-seaspeed-nivel-1-nivel-2-e-nivel-3\\\/?lang=pt-br\"]}]},{\"@type\":\"ImageObject\",\"inLanguage\":\"en-US\",\"@id\":\"https:\\\/\\\/seabornnetworks.com\\\/homolog\\\/produtos\\\/seaborn-networks-seaspeed-nivel-1-nivel-2-e-nivel-3\\\/?lang=pt-br#primaryimage\",\"url\":\"https:\\\/\\\/seabornnetworks.com\\\/homolog\\\/wp-content\\\/uploads\\\/2022\\\/01\\\/1522107657942.jpg\",\"contentUrl\":\"https:\\\/\\\/seabornnetworks.com\\\/homolog\\\/wp-content\\\/uploads\\\/2022\\\/01\\\/1522107657942.jpg\",\"width\":1240,\"height\":698},{\"@type\":\"BreadcrumbList\",\"@id\":\"https:\\\/\\\/seabornnetworks.com\\\/homolog\\\/produtos\\\/seaborn-networks-seaspeed-nivel-1-nivel-2-e-nivel-3\\\/?lang=pt-br#breadcrumb\",\"itemListElement\":[{\"@type\":\"ListItem\",\"position\":1,\"name\":\"Home\",\"item\":\"https:\\\/\\\/seabornnetworks.com\\\/homolog\\\/\"},{\"@type\":\"ListItem\",\"position\":2,\"name\":\"Produtos da Seaborn Networks\",\"item\":\"https:\\\/\\\/seabornnetworks.com\\\/homolog\\\/produtos\\\/?lang=pt-br\"},{\"@type\":\"ListItem\",\"position\":3,\"name\":\"Lat\u00eancia ultrabaixa SeaSpeed\u2122\"}]},{\"@type\":\"WebSite\",\"@id\":\"https:\\\/\\\/seabornnetworks.com\\\/homolog\\\/#website\",\"url\":\"https:\\\/\\\/seabornnetworks.com\\\/homolog\\\/\",\"name\":\"Seaborn Networks\",\"description\":\"Seaborn Networks is transforming global communications as the leading independent developer-owner-operator of submarine fiber optic cable systems\",\"potentialAction\":[{\"@type\":\"SearchAction\",\"target\":{\"@type\":\"EntryPoint\",\"urlTemplate\":\"https:\\\/\\\/seabornnetworks.com\\\/homolog\\\/?s={search_term_string}\"},\"query-input\":{\"@type\":\"PropertyValueSpecification\",\"valueRequired\":true,\"valueName\":\"search_term_string\"}}],\"inLanguage\":\"en-US\"}]}<\/script>\n<!-- \/ Yoast SEO plugin. -->","yoast_head_json":{"title":"High Capacity Fiber Internet Brazil, SeaSpeed Tier 1, Tier 2 and Tier 3","description":"\ufeff\ufeffSeaborn SeaSpeed Tier 1 & Tier 2 provides proprietary solutions for High Frequency Traders and Gaming Customers.","robots":{"index":"index","follow":"follow","max-snippet":"max-snippet:-1","max-image-preview":"max-image-preview:large","max-video-preview":"max-video-preview:-1"},"canonical":"https:\/\/seabornnetworks.com\/homolog\/produtos\/seaborn-networks-seaspeed-nivel-1-nivel-2-e-nivel-3\/?lang=pt-br","og_locale":"en_US","og_type":"article","og_title":"High Capacity Fiber Internet Brazil, SeaSpeed Tier 1, Tier 2 and Tier 3","og_description":"\ufeff\ufeffSeaborn SeaSpeed Tier 1 & Tier 2 provides proprietary solutions for High Frequency Traders and Gaming Customers.","og_url":"https:\/\/seabornnetworks.com\/homolog\/produtos\/seaborn-networks-seaspeed-nivel-1-nivel-2-e-nivel-3\/?lang=pt-br","og_site_name":"Seaborn Networks","article_publisher":"https:\/\/www.facebook.com\/seabornnetworks","article_modified_time":"2025-04-21T14:49:21+00:00","og_image":[{"width":1240,"height":698,"url":"https:\/\/seabornnetworks.com\/homolog\/wp-content\/uploads\/2022\/01\/1522107657942.jpg","type":"image\/jpeg"}],"twitter_card":"summary_large_image","twitter_site":"@seabornnetworks","twitter_misc":{"Est. reading time":"2 minutes"},"schema":{"@context":"https:\/\/schema.org","@graph":[{"@type":"WebPage","@id":"https:\/\/seabornnetworks.com\/homolog\/produtos\/seaborn-networks-seaspeed-nivel-1-nivel-2-e-nivel-3\/?lang=pt-br","url":"https:\/\/seabornnetworks.com\/homolog\/produtos\/seaborn-networks-seaspeed-nivel-1-nivel-2-e-nivel-3\/?lang=pt-br","name":"High Capacity Fiber Internet Brazil, SeaSpeed Tier 1, Tier 2 and Tier 3","isPartOf":{"@id":"https:\/\/seabornnetworks.com\/homolog\/#website"},"primaryImageOfPage":{"@id":"https:\/\/seabornnetworks.com\/homolog\/produtos\/seaborn-networks-seaspeed-nivel-1-nivel-2-e-nivel-3\/?lang=pt-br#primaryimage"},"image":{"@id":"https:\/\/seabornnetworks.com\/homolog\/produtos\/seaborn-networks-seaspeed-nivel-1-nivel-2-e-nivel-3\/?lang=pt-br#primaryimage"},"thumbnailUrl":"https:\/\/seabornnetworks.com\/homolog\/wp-content\/uploads\/2022\/01\/1522107657942.jpg","datePublished":"2017-10-31T14:07:03+00:00","dateModified":"2025-04-21T14:49:21+00:00","description":"\ufeff\ufeffSeaborn SeaSpeed Tier 1 & Tier 2 provides proprietary solutions for High Frequency Traders and Gaming Customers.","breadcrumb":{"@id":"https:\/\/seabornnetworks.com\/homolog\/produtos\/seaborn-networks-seaspeed-nivel-1-nivel-2-e-nivel-3\/?lang=pt-br#breadcrumb"},"inLanguage":"en-US","potentialAction":[{"@type":"ReadAction","target":["https:\/\/seabornnetworks.com\/homolog\/produtos\/seaborn-networks-seaspeed-nivel-1-nivel-2-e-nivel-3\/?lang=pt-br"]}]},{"@type":"ImageObject","inLanguage":"en-US","@id":"https:\/\/seabornnetworks.com\/homolog\/produtos\/seaborn-networks-seaspeed-nivel-1-nivel-2-e-nivel-3\/?lang=pt-br#primaryimage","url":"https:\/\/seabornnetworks.com\/homolog\/wp-content\/uploads\/2022\/01\/1522107657942.jpg","contentUrl":"https:\/\/seabornnetworks.com\/homolog\/wp-content\/uploads\/2022\/01\/1522107657942.jpg","width":1240,"height":698},{"@type":"BreadcrumbList","@id":"https:\/\/seabornnetworks.com\/homolog\/produtos\/seaborn-networks-seaspeed-nivel-1-nivel-2-e-nivel-3\/?lang=pt-br#breadcrumb","itemListElement":[{"@type":"ListItem","position":1,"name":"Home","item":"https:\/\/seabornnetworks.com\/homolog\/"},{"@type":"ListItem","position":2,"name":"Produtos da Seaborn Networks","item":"https:\/\/seabornnetworks.com\/homolog\/produtos\/?lang=pt-br"},{"@type":"ListItem","position":3,"name":"Lat\u00eancia ultrabaixa SeaSpeed\u2122"}]},{"@type":"WebSite","@id":"https:\/\/seabornnetworks.com\/homolog\/#website","url":"https:\/\/seabornnetworks.com\/homolog\/","name":"Seaborn Networks","description":"Seaborn Networks is transforming global communications as the leading independent developer-owner-operator of submarine fiber optic cable systems","potentialAction":[{"@type":"SearchAction","target":{"@type":"EntryPoint","urlTemplate":"https:\/\/seabornnetworks.com\/homolog\/?s={search_term_string}"},"query-input":{"@type":"PropertyValueSpecification","valueRequired":true,"valueName":"search_term_string"}}],"inLanguage":"en-US"}]}},"_links":{"self":[{"href":"https:\/\/seabornnetworks.com\/homolog\/wp-json\/wp\/v2\/pages\/2099","targetHints":{"allow":["GET"]}}],"collection":[{"href":"https:\/\/seabornnetworks.com\/homolog\/wp-json\/wp\/v2\/pages"}],"about":[{"href":"https:\/\/seabornnetworks.com\/homolog\/wp-json\/wp\/v2\/types\/page"}],"author":[{"embeddable":true,"href":"https:\/\/seabornnetworks.com\/homolog\/wp-json\/wp\/v2\/users\/2"}],"replies":[{"embeddable":true,"href":"https:\/\/seabornnetworks.com\/homolog\/wp-json\/wp\/v2\/comments?post=2099"}],"version-history":[{"count":7,"href":"https:\/\/seabornnetworks.com\/homolog\/wp-json\/wp\/v2\/pages\/2099\/revisions"}],"predecessor-version":[{"id":5389,"href":"https:\/\/seabornnetworks.com\/homolog\/wp-json\/wp\/v2\/pages\/2099\/revisions\/5389"}],"up":[{"embeddable":true,"href":"https:\/\/seabornnetworks.com\/homolog\/wp-json\/wp\/v2\/pages\/2087"}],"wp:featuredmedia":[{"embeddable":true,"href":"https:\/\/seabornnetworks.com\/homolog\/wp-json\/wp\/v2\/media\/4377"}],"wp:attachment":[{"href":"https:\/\/seabornnetworks.com\/homolog\/wp-json\/wp\/v2\/media?parent=2099"}],"curies":[{"name":"wp","href":"https:\/\/api.w.org\/{rel}","templated":true}]}}