{"id":2161,"date":"2014-05-02T11:54:14","date_gmt":"2014-05-02T10:54:14","guid":{"rendered":"http:\/\/update.seabornnetworks.com\/home\/"},"modified":"2025-04-21T15:20:23","modified_gmt":"2025-04-21T14:20:23","slug":"home-2","status":"publish","type":"page","link":"https:\/\/seabornnetworks.com\/homolog\/home-2\/?lang=pt-br","title":{"rendered":"Home"},"content":{"rendered":"<h1>Boas-vindas \u00e0 evolu\u00e7\u00e3o das Am\u00e9ricas<br \/>\nSomos a Seaborn Networks<\/h1>\n<h3>Concentre-se em seus neg\u00f3cios, n\u00f3s cuidamos da sua conectividade.<\/h3>\n","protected":false},"excerpt":{"rendered":"<p>Boas-vindas \u00e0 evolu\u00e7\u00e3o das Am\u00e9ricas Somos a Seaborn Networks Concentre-se em seus neg\u00f3cios, n\u00f3s cuidamos da sua conectividade.<\/p>\n","protected":false},"author":2,"featured_media":5239,"parent":0,"menu_order":1,"comment_status":"open","ping_status":"closed","template":"templates\/home.php","meta":{"_acf_changed":false,"footnotes":""},"class_list":["post-2161","page","type-page","status-publish","has-post-thumbnail","hentry"],"acf":[],"yoast_head":"<!-- This site is optimized with the Yoast SEO plugin v27.4 - https:\/\/yoast.com\/product\/yoast-seo-wordpress\/ -->\n<title>Seaborn Networks<\/title>\n<meta name=\"description\" content=\"Seaborn is transforming global communicationsas the leading independent developer-owner-operator of submarine fiber optic cable systems.\" \/>\n<meta name=\"robots\" content=\"index, follow, max-snippet:-1, max-image-preview:large, max-video-preview:-1\" \/>\n<link rel=\"canonical\" href=\"https:\/\/seabornnetworks.com\/homolog\/?lang=pt-br\" \/>\n<meta property=\"og:locale\" content=\"en_US\" \/>\n<meta property=\"og:type\" content=\"article\" \/>\n<meta property=\"og:title\" content=\"Seaborn Networks\" \/>\n<meta property=\"og:description\" content=\"Seaborn is transforming global communicationsas the leading independent developer-owner-operator of submarine fiber optic cable systems.\" \/>\n<meta property=\"og:url\" content=\"https:\/\/seabornnetworks.com\/homolog\/?lang=pt-br\" \/>\n<meta property=\"og:site_name\" content=\"Seaborn Networks\" \/>\n<meta property=\"article:publisher\" content=\"https:\/\/www.facebook.com\/seabornnetworks\" \/>\n<meta property=\"article:modified_time\" content=\"2025-04-21T14:20:23+00:00\" \/>\n<meta property=\"og:image\" content=\"https:\/\/seabornnetworks.com\/homolog\/wp-content\/uploads\/2025\/03\/Americas-Network-1-01-novo-v2-3.jpg\" \/>\n\t<meta property=\"og:image:width\" content=\"1980\" \/>\n\t<meta property=\"og:image:height\" content=\"1114\" \/>\n\t<meta property=\"og:image:type\" content=\"image\/jpeg\" \/>\n<meta name=\"twitter:card\" content=\"summary_large_image\" \/>\n<meta name=\"twitter:site\" content=\"@seabornnetworks\" \/>\n<meta name=\"twitter:label1\" content=\"Est. reading time\" \/>\n\t<meta name=\"twitter:data1\" content=\"1 minute\" \/>\n<script type=\"application\/ld+json\" class=\"yoast-schema-graph\">{\"@context\":\"https:\\\/\\\/schema.org\",\"@graph\":[{\"@type\":\"WebPage\",\"@id\":\"https:\\\/\\\/seabornnetworks.com\\\/homolog\\\/?lang=pt-br\",\"url\":\"https:\\\/\\\/seabornnetworks.com\\\/homolog\\\/?lang=pt-br\",\"name\":\"Seaborn Networks\",\"isPartOf\":{\"@id\":\"https:\\\/\\\/seabornnetworks.com\\\/homolog\\\/#website\"},\"primaryImageOfPage\":{\"@id\":\"https:\\\/\\\/seabornnetworks.com\\\/homolog\\\/?lang=pt-br#primaryimage\"},\"image\":{\"@id\":\"https:\\\/\\\/seabornnetworks.com\\\/homolog\\\/?lang=pt-br#primaryimage\"},\"thumbnailUrl\":\"https:\\\/\\\/seabornnetworks.com\\\/homolog\\\/wp-content\\\/uploads\\\/2025\\\/03\\\/Americas-Network-1-01-novo-v2-3.jpg\",\"datePublished\":\"2014-05-02T10:54:14+00:00\",\"dateModified\":\"2025-04-21T14:20:23+00:00\",\"description\":\"Seaborn is transforming global communicationsas the leading independent developer-owner-operator of submarine fiber optic cable systems.\",\"breadcrumb\":{\"@id\":\"https:\\\/\\\/seabornnetworks.com\\\/homolog\\\/?lang=pt-br#breadcrumb\"},\"inLanguage\":\"en-US\",\"potentialAction\":[{\"@type\":\"ReadAction\",\"target\":[\"https:\\\/\\\/seabornnetworks.com\\\/homolog\\\/?lang=pt-br\"]}]},{\"@type\":\"ImageObject\",\"inLanguage\":\"en-US\",\"@id\":\"https:\\\/\\\/seabornnetworks.com\\\/homolog\\\/?lang=pt-br#primaryimage\",\"url\":\"https:\\\/\\\/seabornnetworks.com\\\/homolog\\\/wp-content\\\/uploads\\\/2025\\\/03\\\/Americas-Network-1-01-novo-v2-3.jpg\",\"contentUrl\":\"https:\\\/\\\/seabornnetworks.com\\\/homolog\\\/wp-content\\\/uploads\\\/2025\\\/03\\\/Americas-Network-1-01-novo-v2-3.jpg\",\"width\":1980,\"height\":1114},{\"@type\":\"BreadcrumbList\",\"@id\":\"https:\\\/\\\/seabornnetworks.com\\\/homolog\\\/?lang=pt-br#breadcrumb\",\"itemListElement\":[{\"@type\":\"ListItem\",\"position\":1,\"name\":\"Home\",\"item\":\"https:\\\/\\\/seabornnetworks.com\\\/homolog\\\/\"},{\"@type\":\"ListItem\",\"position\":2,\"name\":\"Home\"}]},{\"@type\":\"WebSite\",\"@id\":\"https:\\\/\\\/seabornnetworks.com\\\/homolog\\\/#website\",\"url\":\"https:\\\/\\\/seabornnetworks.com\\\/homolog\\\/\",\"name\":\"Seaborn Networks\",\"description\":\"Seaborn Networks is transforming global communications as the leading independent developer-owner-operator of submarine fiber optic cable systems\",\"potentialAction\":[{\"@type\":\"SearchAction\",\"target\":{\"@type\":\"EntryPoint\",\"urlTemplate\":\"https:\\\/\\\/seabornnetworks.com\\\/homolog\\\/?s={search_term_string}\"},\"query-input\":{\"@type\":\"PropertyValueSpecification\",\"valueRequired\":true,\"valueName\":\"search_term_string\"}}],\"inLanguage\":\"en-US\"}]}<\/script>\n<!-- \/ Yoast SEO plugin. -->","yoast_head_json":{"title":"Seaborn Networks","description":"Seaborn is transforming global communicationsas the leading independent developer-owner-operator of submarine fiber optic cable systems.","robots":{"index":"index","follow":"follow","max-snippet":"max-snippet:-1","max-image-preview":"max-image-preview:large","max-video-preview":"max-video-preview:-1"},"canonical":"https:\/\/seabornnetworks.com\/homolog\/?lang=pt-br","og_locale":"en_US","og_type":"article","og_title":"Seaborn Networks","og_description":"Seaborn is transforming global communicationsas the leading independent developer-owner-operator of submarine fiber optic cable systems.","og_url":"https:\/\/seabornnetworks.com\/homolog\/?lang=pt-br","og_site_name":"Seaborn Networks","article_publisher":"https:\/\/www.facebook.com\/seabornnetworks","article_modified_time":"2025-04-21T14:20:23+00:00","og_image":[{"width":1980,"height":1114,"url":"https:\/\/seabornnetworks.com\/homolog\/wp-content\/uploads\/2025\/03\/Americas-Network-1-01-novo-v2-3.jpg","type":"image\/jpeg"}],"twitter_card":"summary_large_image","twitter_site":"@seabornnetworks","twitter_misc":{"Est. reading time":"1 minute"},"schema":{"@context":"https:\/\/schema.org","@graph":[{"@type":"WebPage","@id":"https:\/\/seabornnetworks.com\/homolog\/?lang=pt-br","url":"https:\/\/seabornnetworks.com\/homolog\/?lang=pt-br","name":"Seaborn Networks","isPartOf":{"@id":"https:\/\/seabornnetworks.com\/homolog\/#website"},"primaryImageOfPage":{"@id":"https:\/\/seabornnetworks.com\/homolog\/?lang=pt-br#primaryimage"},"image":{"@id":"https:\/\/seabornnetworks.com\/homolog\/?lang=pt-br#primaryimage"},"thumbnailUrl":"https:\/\/seabornnetworks.com\/homolog\/wp-content\/uploads\/2025\/03\/Americas-Network-1-01-novo-v2-3.jpg","datePublished":"2014-05-02T10:54:14+00:00","dateModified":"2025-04-21T14:20:23+00:00","description":"Seaborn is transforming global communicationsas the leading independent developer-owner-operator of submarine fiber optic cable systems.","breadcrumb":{"@id":"https:\/\/seabornnetworks.com\/homolog\/?lang=pt-br#breadcrumb"},"inLanguage":"en-US","potentialAction":[{"@type":"ReadAction","target":["https:\/\/seabornnetworks.com\/homolog\/?lang=pt-br"]}]},{"@type":"ImageObject","inLanguage":"en-US","@id":"https:\/\/seabornnetworks.com\/homolog\/?lang=pt-br#primaryimage","url":"https:\/\/seabornnetworks.com\/homolog\/wp-content\/uploads\/2025\/03\/Americas-Network-1-01-novo-v2-3.jpg","contentUrl":"https:\/\/seabornnetworks.com\/homolog\/wp-content\/uploads\/2025\/03\/Americas-Network-1-01-novo-v2-3.jpg","width":1980,"height":1114},{"@type":"BreadcrumbList","@id":"https:\/\/seabornnetworks.com\/homolog\/?lang=pt-br#breadcrumb","itemListElement":[{"@type":"ListItem","position":1,"name":"Home","item":"https:\/\/seabornnetworks.com\/homolog\/"},{"@type":"ListItem","position":2,"name":"Home"}]},{"@type":"WebSite","@id":"https:\/\/seabornnetworks.com\/homolog\/#website","url":"https:\/\/seabornnetworks.com\/homolog\/","name":"Seaborn Networks","description":"Seaborn Networks is transforming global communications as the leading independent developer-owner-operator of submarine fiber optic cable systems","potentialAction":[{"@type":"SearchAction","target":{"@type":"EntryPoint","urlTemplate":"https:\/\/seabornnetworks.com\/homolog\/?s={search_term_string}"},"query-input":{"@type":"PropertyValueSpecification","valueRequired":true,"valueName":"search_term_string"}}],"inLanguage":"en-US"}]}},"_links":{"self":[{"href":"https:\/\/seabornnetworks.com\/homolog\/wp-json\/wp\/v2\/pages\/2161","targetHints":{"allow":["GET"]}}],"collection":[{"href":"https:\/\/seabornnetworks.com\/homolog\/wp-json\/wp\/v2\/pages"}],"about":[{"href":"https:\/\/seabornnetworks.com\/homolog\/wp-json\/wp\/v2\/types\/page"}],"author":[{"embeddable":true,"href":"https:\/\/seabornnetworks.com\/homolog\/wp-json\/wp\/v2\/users\/2"}],"replies":[{"embeddable":true,"href":"https:\/\/seabornnetworks.com\/homolog\/wp-json\/wp\/v2\/comments?post=2161"}],"version-history":[{"count":15,"href":"https:\/\/seabornnetworks.com\/homolog\/wp-json\/wp\/v2\/pages\/2161\/revisions"}],"predecessor-version":[{"id":5381,"href":"https:\/\/seabornnetworks.com\/homolog\/wp-json\/wp\/v2\/pages\/2161\/revisions\/5381"}],"wp:featuredmedia":[{"embeddable":true,"href":"https:\/\/seabornnetworks.com\/homolog\/wp-json\/wp\/v2\/media\/5239"}],"wp:attachment":[{"href":"https:\/\/seabornnetworks.com\/homolog\/wp-json\/wp\/v2\/media?parent=2161"}],"curies":[{"name":"wp","href":"https:\/\/api.w.org\/{rel}","templated":true}]}}