{"id":3181,"date":"2020-06-28T22:10:34","date_gmt":"2020-06-28T21:10:34","guid":{"rendered":"http:\/\/seaborn.local\/todd-bright\/"},"modified":"2020-07-02T14:56:27","modified_gmt":"2020-07-02T13:56:27","slug":"todd-bright","status":"publish","type":"page","link":"https:\/\/seabornnetworks.com\/homolog\/sobre\/membros-do-conselho\/todd-bright\/?lang=pt-br","title":{"rendered":"Todd Bright"},"content":{"rendered":"<p>Todd Bright \u00e9 s\u00f3cio e membro do time de lideran\u00e7a global respons\u00e1vel pelos investimentos em infraestrutura do Partners Group. O Partners Group \u00e9 um Private Equity Global, com mais de 900 investidores institucionais, com US $ 94 bilh\u00f5es em ativos sob gest\u00e3o e mais de 1.400 profissionais em 20 escrit\u00f3rios no mundo. Opera nas verticais de private equity, d\u00edvida privada, real estate e infraestrutura.<\/p>\n<p>Todd lidera a equipe de infraestrutura das Am\u00e9ricas e \u00e9 respons\u00e1vel por realizar e gerenciar investimentos diretos em infraestrutura nos setores de energia, energia renov\u00e1vel, energia intermedi\u00e1ria, comunica\u00e7\u00f5es, transporte e infraestrutura social. Ele tamb\u00e9m \u00e9 o Head do escrit\u00f3rio de Houston e \u00e9 membro dos comit\u00eas de investimento e avalia\u00e7\u00e3o de infraestrutura.<\/p>\n<p>Todd atua nos conselhos de administra\u00e7\u00e3o do Partners Group (EUA) Inc., Seabras Group (empresa controladora que opera um sistema de cabos de fibra \u00f3ptica submarina EUA-Brasil) e Superior Pipeline Company (empresa de infraestrutura de energia intermedi\u00e1ria). Todd tem 28 anos de experi\u00eancia em investimentos no mercado global de infraestrutura e liderou investimentos que totalizam mais de US $ 2 bilh\u00f5es.<\/p>\n<p>Antes do Partners Group, ele ocupou cargos executivos e de lideran\u00e7a na Denham Capital, Conectiv Energy, Equinor (f \/ k \/ a Statoil) e Enron. Ele \u00e9 bacharel em administra\u00e7\u00e3o de empresas pela Universidade de Richmond e possui MBA pela George Washington University.<\/p>\n","protected":false},"excerpt":{"rendered":"<p>Todd Bright \u00e9 s\u00f3cio e membro do time de lideran\u00e7a global respons\u00e1vel pelos investimentos em infraestrutura do Partners Group. O Partners Group \u00e9 um Private Equity Global, com mais de 900 investidores institucionais, com US $ 94 bilh\u00f5es em ativos sob gest\u00e3o e mais de 1.400 profissionais em 20 escrit\u00f3rios no mundo. Opera nas verticais [&hellip;]<\/p>\n","protected":false},"author":2,"featured_media":3156,"parent":3187,"menu_order":5,"comment_status":"closed","ping_status":"closed","template":"","meta":{"_acf_changed":false,"footnotes":""},"class_list":["post-3181","page","type-page","status-publish","has-post-thumbnail","hentry"],"acf":[],"yoast_head":"<!-- This site is optimized with the Yoast SEO plugin v27.5 - https:\/\/yoast.com\/product\/yoast-seo-wordpress\/ -->\n<title>Todd Bright - Seaborn Networks<\/title>\n<meta name=\"robots\" content=\"index, follow, max-snippet:-1, max-image-preview:large, max-video-preview:-1\" \/>\n<link rel=\"canonical\" href=\"https:\/\/seabornnetworks.com\/homolog\/sobre\/membros-do-conselho\/todd-bright\/?lang=pt-br\" \/>\n<meta property=\"og:locale\" content=\"en_US\" \/>\n<meta property=\"og:type\" content=\"article\" \/>\n<meta property=\"og:title\" content=\"Todd Bright - Seaborn Networks\" \/>\n<meta property=\"og:description\" content=\"Todd Bright \u00e9 s\u00f3cio e membro do time de lideran\u00e7a global respons\u00e1vel pelos investimentos em infraestrutura do Partners Group. O Partners Group \u00e9 um Private Equity Global, com mais de 900 investidores institucionais, com US $ 94 bilh\u00f5es em ativos sob gest\u00e3o e mais de 1.400 profissionais em 20 escrit\u00f3rios no mundo. Opera nas verticais [&hellip;]\" \/>\n<meta property=\"og:url\" content=\"https:\/\/seabornnetworks.com\/homolog\/sobre\/membros-do-conselho\/todd-bright\/?lang=pt-br\" \/>\n<meta property=\"og:site_name\" content=\"Seaborn Networks\" \/>\n<meta property=\"article:publisher\" content=\"https:\/\/www.facebook.com\/seabornnetworks\" \/>\n<meta property=\"article:modified_time\" content=\"2020-07-02T13:56:27+00:00\" \/>\n<meta property=\"og:image\" content=\"https:\/\/seabornnetworks.com\/homolog\/wp-content\/uploads\/2020\/06\/todd-bright.jpg\" \/>\n\t<meta property=\"og:image:width\" content=\"500\" \/>\n\t<meta property=\"og:image:height\" content=\"500\" \/>\n\t<meta property=\"og:image:type\" content=\"image\/jpeg\" \/>\n<meta name=\"twitter:card\" content=\"summary_large_image\" \/>\n<meta name=\"twitter:site\" content=\"@seabornnetworks\" \/>\n<meta name=\"twitter:label1\" content=\"Est. reading time\" \/>\n\t<meta name=\"twitter:data1\" content=\"1 minute\" \/>\n<script type=\"application\/ld+json\" class=\"yoast-schema-graph\">{\"@context\":\"https:\\\/\\\/schema.org\",\"@graph\":[{\"@type\":\"WebPage\",\"@id\":\"https:\\\/\\\/seabornnetworks.com\\\/homolog\\\/sobre\\\/membros-do-conselho\\\/todd-bright\\\/?lang=pt-br\",\"url\":\"https:\\\/\\\/seabornnetworks.com\\\/homolog\\\/sobre\\\/membros-do-conselho\\\/todd-bright\\\/?lang=pt-br\",\"name\":\"Todd Bright - Seaborn Networks\",\"isPartOf\":{\"@id\":\"https:\\\/\\\/seabornnetworks.com\\\/homolog\\\/#website\"},\"primaryImageOfPage\":{\"@id\":\"https:\\\/\\\/seabornnetworks.com\\\/homolog\\\/sobre\\\/membros-do-conselho\\\/todd-bright\\\/?lang=pt-br#primaryimage\"},\"image\":{\"@id\":\"https:\\\/\\\/seabornnetworks.com\\\/homolog\\\/sobre\\\/membros-do-conselho\\\/todd-bright\\\/?lang=pt-br#primaryimage\"},\"thumbnailUrl\":\"https:\\\/\\\/seabornnetworks.com\\\/homolog\\\/wp-content\\\/uploads\\\/2020\\\/06\\\/todd-bright.jpg\",\"datePublished\":\"2020-06-28T21:10:34+00:00\",\"dateModified\":\"2020-07-02T13:56:27+00:00\",\"breadcrumb\":{\"@id\":\"https:\\\/\\\/seabornnetworks.com\\\/homolog\\\/sobre\\\/membros-do-conselho\\\/todd-bright\\\/?lang=pt-br#breadcrumb\"},\"inLanguage\":\"en-US\",\"potentialAction\":[{\"@type\":\"ReadAction\",\"target\":[\"https:\\\/\\\/seabornnetworks.com\\\/homolog\\\/sobre\\\/membros-do-conselho\\\/todd-bright\\\/?lang=pt-br\"]}]},{\"@type\":\"ImageObject\",\"inLanguage\":\"en-US\",\"@id\":\"https:\\\/\\\/seabornnetworks.com\\\/homolog\\\/sobre\\\/membros-do-conselho\\\/todd-bright\\\/?lang=pt-br#primaryimage\",\"url\":\"https:\\\/\\\/seabornnetworks.com\\\/homolog\\\/wp-content\\\/uploads\\\/2020\\\/06\\\/todd-bright.jpg\",\"contentUrl\":\"https:\\\/\\\/seabornnetworks.com\\\/homolog\\\/wp-content\\\/uploads\\\/2020\\\/06\\\/todd-bright.jpg\",\"width\":500,\"height\":500},{\"@type\":\"BreadcrumbList\",\"@id\":\"https:\\\/\\\/seabornnetworks.com\\\/homolog\\\/sobre\\\/membros-do-conselho\\\/todd-bright\\\/?lang=pt-br#breadcrumb\",\"itemListElement\":[{\"@type\":\"ListItem\",\"position\":1,\"name\":\"Home\",\"item\":\"https:\\\/\\\/seabornnetworks.com\\\/homolog\\\/\"},{\"@type\":\"ListItem\",\"position\":2,\"name\":\"Sobre a Seaborn Networks\",\"item\":\"https:\\\/\\\/seabornnetworks.com\\\/homolog\\\/sobre\\\/?lang=pt-br\"},{\"@type\":\"ListItem\",\"position\":3,\"name\":\"Membros do Conselho\",\"item\":\"https:\\\/\\\/seabornnetworks.com\\\/homolog\\\/sobre\\\/membros-do-conselho\\\/?lang=pt-br\"},{\"@type\":\"ListItem\",\"position\":4,\"name\":\"Todd Bright\"}]},{\"@type\":\"WebSite\",\"@id\":\"https:\\\/\\\/seabornnetworks.com\\\/homolog\\\/#website\",\"url\":\"https:\\\/\\\/seabornnetworks.com\\\/homolog\\\/\",\"name\":\"Seaborn Networks\",\"description\":\"Seaborn Networks is transforming global communications as the leading independent developer-owner-operator of submarine fiber optic cable systems\",\"potentialAction\":[{\"@type\":\"SearchAction\",\"target\":{\"@type\":\"EntryPoint\",\"urlTemplate\":\"https:\\\/\\\/seabornnetworks.com\\\/homolog\\\/?s={search_term_string}\"},\"query-input\":{\"@type\":\"PropertyValueSpecification\",\"valueRequired\":true,\"valueName\":\"search_term_string\"}}],\"inLanguage\":\"en-US\"}]}<\/script>\n<!-- \/ Yoast SEO plugin. -->","yoast_head_json":{"title":"Todd Bright - Seaborn Networks","robots":{"index":"index","follow":"follow","max-snippet":"max-snippet:-1","max-image-preview":"max-image-preview:large","max-video-preview":"max-video-preview:-1"},"canonical":"https:\/\/seabornnetworks.com\/homolog\/sobre\/membros-do-conselho\/todd-bright\/?lang=pt-br","og_locale":"en_US","og_type":"article","og_title":"Todd Bright - Seaborn Networks","og_description":"Todd Bright \u00e9 s\u00f3cio e membro do time de lideran\u00e7a global respons\u00e1vel pelos investimentos em infraestrutura do Partners Group. O Partners Group \u00e9 um Private Equity Global, com mais de 900 investidores institucionais, com US $ 94 bilh\u00f5es em ativos sob gest\u00e3o e mais de 1.400 profissionais em 20 escrit\u00f3rios no mundo. Opera nas verticais [&hellip;]","og_url":"https:\/\/seabornnetworks.com\/homolog\/sobre\/membros-do-conselho\/todd-bright\/?lang=pt-br","og_site_name":"Seaborn Networks","article_publisher":"https:\/\/www.facebook.com\/seabornnetworks","article_modified_time":"2020-07-02T13:56:27+00:00","og_image":[{"width":500,"height":500,"url":"https:\/\/seabornnetworks.com\/homolog\/wp-content\/uploads\/2020\/06\/todd-bright.jpg","type":"image\/jpeg"}],"twitter_card":"summary_large_image","twitter_site":"@seabornnetworks","twitter_misc":{"Est. reading time":"1 minute"},"schema":{"@context":"https:\/\/schema.org","@graph":[{"@type":"WebPage","@id":"https:\/\/seabornnetworks.com\/homolog\/sobre\/membros-do-conselho\/todd-bright\/?lang=pt-br","url":"https:\/\/seabornnetworks.com\/homolog\/sobre\/membros-do-conselho\/todd-bright\/?lang=pt-br","name":"Todd Bright - Seaborn Networks","isPartOf":{"@id":"https:\/\/seabornnetworks.com\/homolog\/#website"},"primaryImageOfPage":{"@id":"https:\/\/seabornnetworks.com\/homolog\/sobre\/membros-do-conselho\/todd-bright\/?lang=pt-br#primaryimage"},"image":{"@id":"https:\/\/seabornnetworks.com\/homolog\/sobre\/membros-do-conselho\/todd-bright\/?lang=pt-br#primaryimage"},"thumbnailUrl":"https:\/\/seabornnetworks.com\/homolog\/wp-content\/uploads\/2020\/06\/todd-bright.jpg","datePublished":"2020-06-28T21:10:34+00:00","dateModified":"2020-07-02T13:56:27+00:00","breadcrumb":{"@id":"https:\/\/seabornnetworks.com\/homolog\/sobre\/membros-do-conselho\/todd-bright\/?lang=pt-br#breadcrumb"},"inLanguage":"en-US","potentialAction":[{"@type":"ReadAction","target":["https:\/\/seabornnetworks.com\/homolog\/sobre\/membros-do-conselho\/todd-bright\/?lang=pt-br"]}]},{"@type":"ImageObject","inLanguage":"en-US","@id":"https:\/\/seabornnetworks.com\/homolog\/sobre\/membros-do-conselho\/todd-bright\/?lang=pt-br#primaryimage","url":"https:\/\/seabornnetworks.com\/homolog\/wp-content\/uploads\/2020\/06\/todd-bright.jpg","contentUrl":"https:\/\/seabornnetworks.com\/homolog\/wp-content\/uploads\/2020\/06\/todd-bright.jpg","width":500,"height":500},{"@type":"BreadcrumbList","@id":"https:\/\/seabornnetworks.com\/homolog\/sobre\/membros-do-conselho\/todd-bright\/?lang=pt-br#breadcrumb","itemListElement":[{"@type":"ListItem","position":1,"name":"Home","item":"https:\/\/seabornnetworks.com\/homolog\/"},{"@type":"ListItem","position":2,"name":"Sobre a Seaborn Networks","item":"https:\/\/seabornnetworks.com\/homolog\/sobre\/?lang=pt-br"},{"@type":"ListItem","position":3,"name":"Membros do Conselho","item":"https:\/\/seabornnetworks.com\/homolog\/sobre\/membros-do-conselho\/?lang=pt-br"},{"@type":"ListItem","position":4,"name":"Todd Bright"}]},{"@type":"WebSite","@id":"https:\/\/seabornnetworks.com\/homolog\/#website","url":"https:\/\/seabornnetworks.com\/homolog\/","name":"Seaborn Networks","description":"Seaborn Networks is transforming global communications as the leading independent developer-owner-operator of submarine fiber optic cable systems","potentialAction":[{"@type":"SearchAction","target":{"@type":"EntryPoint","urlTemplate":"https:\/\/seabornnetworks.com\/homolog\/?s={search_term_string}"},"query-input":{"@type":"PropertyValueSpecification","valueRequired":true,"valueName":"search_term_string"}}],"inLanguage":"en-US"}]}},"_links":{"self":[{"href":"https:\/\/seabornnetworks.com\/homolog\/wp-json\/wp\/v2\/pages\/3181","targetHints":{"allow":["GET"]}}],"collection":[{"href":"https:\/\/seabornnetworks.com\/homolog\/wp-json\/wp\/v2\/pages"}],"about":[{"href":"https:\/\/seabornnetworks.com\/homolog\/wp-json\/wp\/v2\/types\/page"}],"author":[{"embeddable":true,"href":"https:\/\/seabornnetworks.com\/homolog\/wp-json\/wp\/v2\/users\/2"}],"replies":[{"embeddable":true,"href":"https:\/\/seabornnetworks.com\/homolog\/wp-json\/wp\/v2\/comments?post=3181"}],"version-history":[{"count":2,"href":"https:\/\/seabornnetworks.com\/homolog\/wp-json\/wp\/v2\/pages\/3181\/revisions"}],"predecessor-version":[{"id":3184,"href":"https:\/\/seabornnetworks.com\/homolog\/wp-json\/wp\/v2\/pages\/3181\/revisions\/3184"}],"up":[{"embeddable":true,"href":"https:\/\/seabornnetworks.com\/homolog\/wp-json\/wp\/v2\/pages\/3187"}],"wp:featuredmedia":[{"embeddable":true,"href":"https:\/\/seabornnetworks.com\/homolog\/wp-json\/wp\/v2\/media\/3156"}],"wp:attachment":[{"href":"https:\/\/seabornnetworks.com\/homolog\/wp-json\/wp\/v2\/media?parent=3181"}],"curies":[{"name":"wp","href":"https:\/\/api.w.org\/{rel}","templated":true}]}}