{"id":3199,"date":"2020-06-25T20:36:33","date_gmt":"2020-06-25T19:36:33","guid":{"rendered":"http:\/\/seaborn.local\/sobre\/gerencia-senior-da-seaborn-networks\/sean-mcneill\/"},"modified":"2025-03-21T17:56:37","modified_gmt":"2025-03-21T17:56:37","slug":"sean-mcneill","status":"publish","type":"page","link":"https:\/\/seabornnetworks.com\/homolog\/sobre\/gerencia-senior\/sean-mcneill\/?lang=pt-br","title":{"rendered":"Sean McNeill"},"content":{"rendered":"<p>Sean \u00e9 o CFO da Seaborn. Nessa fun\u00e7\u00e3o, ele \u00e9 respons\u00e1vel por liderar e gerenciar todas as opera\u00e7\u00f5es do departamento financeiro e cont\u00e1bil. Nos \u00faltimos 4 anos, Sean atuou como Vice-Presidente de Finan\u00e7as e Diretor de Planejamento e An\u00e1lise Financeira da empresa, onde gerenciou o or\u00e7amento anual e o processo de planejamento estrat\u00e9gico, trabalhando em estreita colabora\u00e7\u00e3o com a equipe de gest\u00e3o executiva e o conselho da Seabras.<\/p>\n<p>Sean traz mais de 20 anos de experi\u00eancia em todos os aspectos de contabilidade, gest\u00e3o financeira e planejamento de neg\u00f3cios. Antes da Seaborn, ele atuou como Diretor de Planejamento e An\u00e1lise Financeira da Best Doctors, Inc., onde era respons\u00e1vel por liderar o planejamento estrat\u00e9gico e a fun\u00e7\u00e3o de or\u00e7amento da empresa. Sean tamb\u00e9m ocupou cargos de controladoria em uma variedade de setores ao longo dos anos, nos quais liderou ou desempenhou fun\u00e7\u00f5es importantes em finan\u00e7as, planejamento estrat\u00e9gico, fus\u00f5es e aquisi\u00e7\u00f5es, sistemas e processos financeiros e relat\u00f3rios financeiros.<\/p>\n<p>Sean tem B.S. Ele \u00e9 doutor em finan\u00e7as pela Faculdade de Artes Liberais de Massachusetts e mora na costa norte de Massachusetts com sua esposa e 2 filhos.<\/p>\n","protected":false},"excerpt":{"rendered":"<p>Sean \u00e9 o CFO da Seaborn. Nessa fun\u00e7\u00e3o, ele \u00e9 respons\u00e1vel por liderar e gerenciar todas as opera\u00e7\u00f5es do departamento financeiro e cont\u00e1bil. Nos \u00faltimos 4 anos, Sean atuou como Vice-Presidente de Finan\u00e7as e Diretor de Planejamento e An\u00e1lise Financeira da empresa, onde gerenciou o or\u00e7amento anual e o processo de planejamento estrat\u00e9gico, trabalhando em [&hellip;]<\/p>\n","protected":false},"author":2,"featured_media":5291,"parent":2593,"menu_order":4,"comment_status":"closed","ping_status":"closed","template":"","meta":{"_acf_changed":false,"footnotes":""},"class_list":["post-3199","page","type-page","status-publish","has-post-thumbnail","hentry"],"acf":[],"yoast_head":"<!-- This site is optimized with the Yoast SEO plugin v27.5 - https:\/\/yoast.com\/product\/yoast-seo-wordpress\/ -->\n<title>Sean McNeill - Seaborn Networks<\/title>\n<meta name=\"robots\" content=\"index, follow, max-snippet:-1, max-image-preview:large, max-video-preview:-1\" \/>\n<link rel=\"canonical\" href=\"https:\/\/seabornnetworks.com\/homolog\/sobre\/gerencia-senior\/sean-mcneill\/?lang=pt-br\" \/>\n<meta property=\"og:locale\" content=\"en_US\" \/>\n<meta property=\"og:type\" content=\"article\" \/>\n<meta property=\"og:title\" content=\"Sean McNeill - Seaborn Networks\" \/>\n<meta property=\"og:description\" content=\"Sean \u00e9 o CFO da Seaborn. Nessa fun\u00e7\u00e3o, ele \u00e9 respons\u00e1vel por liderar e gerenciar todas as opera\u00e7\u00f5es do departamento financeiro e cont\u00e1bil. Nos \u00faltimos 4 anos, Sean atuou como Vice-Presidente de Finan\u00e7as e Diretor de Planejamento e An\u00e1lise Financeira da empresa, onde gerenciou o or\u00e7amento anual e o processo de planejamento estrat\u00e9gico, trabalhando em [&hellip;]\" \/>\n<meta property=\"og:url\" content=\"https:\/\/seabornnetworks.com\/homolog\/sobre\/gerencia-senior\/sean-mcneill\/?lang=pt-br\" \/>\n<meta property=\"og:site_name\" content=\"Seaborn Networks\" \/>\n<meta property=\"article:publisher\" content=\"https:\/\/www.facebook.com\/seabornnetworks\" \/>\n<meta property=\"article:modified_time\" content=\"2025-03-21T17:56:37+00:00\" \/>\n<meta property=\"og:image\" content=\"https:\/\/seabornnetworks.com\/homolog\/wp-content\/uploads\/2025\/03\/sean-mcneill.jpg\" \/>\n\t<meta property=\"og:image:width\" content=\"500\" \/>\n\t<meta property=\"og:image:height\" content=\"500\" \/>\n\t<meta property=\"og:image:type\" content=\"image\/jpeg\" \/>\n<meta name=\"twitter:card\" content=\"summary_large_image\" \/>\n<meta name=\"twitter:site\" content=\"@seabornnetworks\" \/>\n<meta name=\"twitter:label1\" content=\"Est. reading time\" \/>\n\t<meta name=\"twitter:data1\" content=\"1 minute\" \/>\n<script type=\"application\/ld+json\" class=\"yoast-schema-graph\">{\"@context\":\"https:\\\/\\\/schema.org\",\"@graph\":[{\"@type\":\"WebPage\",\"@id\":\"https:\\\/\\\/seabornnetworks.com\\\/homolog\\\/sobre\\\/gerencia-senior\\\/sean-mcneill\\\/?lang=pt-br\",\"url\":\"https:\\\/\\\/seabornnetworks.com\\\/homolog\\\/sobre\\\/gerencia-senior\\\/sean-mcneill\\\/?lang=pt-br\",\"name\":\"Sean McNeill - Seaborn Networks\",\"isPartOf\":{\"@id\":\"https:\\\/\\\/seabornnetworks.com\\\/homolog\\\/#website\"},\"primaryImageOfPage\":{\"@id\":\"https:\\\/\\\/seabornnetworks.com\\\/homolog\\\/sobre\\\/gerencia-senior\\\/sean-mcneill\\\/?lang=pt-br#primaryimage\"},\"image\":{\"@id\":\"https:\\\/\\\/seabornnetworks.com\\\/homolog\\\/sobre\\\/gerencia-senior\\\/sean-mcneill\\\/?lang=pt-br#primaryimage\"},\"thumbnailUrl\":\"https:\\\/\\\/seabornnetworks.com\\\/homolog\\\/wp-content\\\/uploads\\\/2025\\\/03\\\/sean-mcneill.jpg\",\"datePublished\":\"2020-06-25T19:36:33+00:00\",\"dateModified\":\"2025-03-21T17:56:37+00:00\",\"breadcrumb\":{\"@id\":\"https:\\\/\\\/seabornnetworks.com\\\/homolog\\\/sobre\\\/gerencia-senior\\\/sean-mcneill\\\/?lang=pt-br#breadcrumb\"},\"inLanguage\":\"en-US\",\"potentialAction\":[{\"@type\":\"ReadAction\",\"target\":[\"https:\\\/\\\/seabornnetworks.com\\\/homolog\\\/sobre\\\/gerencia-senior\\\/sean-mcneill\\\/?lang=pt-br\"]}]},{\"@type\":\"ImageObject\",\"inLanguage\":\"en-US\",\"@id\":\"https:\\\/\\\/seabornnetworks.com\\\/homolog\\\/sobre\\\/gerencia-senior\\\/sean-mcneill\\\/?lang=pt-br#primaryimage\",\"url\":\"https:\\\/\\\/seabornnetworks.com\\\/homolog\\\/wp-content\\\/uploads\\\/2025\\\/03\\\/sean-mcneill.jpg\",\"contentUrl\":\"https:\\\/\\\/seabornnetworks.com\\\/homolog\\\/wp-content\\\/uploads\\\/2025\\\/03\\\/sean-mcneill.jpg\",\"width\":500,\"height\":500},{\"@type\":\"BreadcrumbList\",\"@id\":\"https:\\\/\\\/seabornnetworks.com\\\/homolog\\\/sobre\\\/gerencia-senior\\\/sean-mcneill\\\/?lang=pt-br#breadcrumb\",\"itemListElement\":[{\"@type\":\"ListItem\",\"position\":1,\"name\":\"Home\",\"item\":\"https:\\\/\\\/seabornnetworks.com\\\/homolog\\\/\"},{\"@type\":\"ListItem\",\"position\":2,\"name\":\"Sobre a Seaborn Networks\",\"item\":\"https:\\\/\\\/seabornnetworks.com\\\/homolog\\\/sobre\\\/?lang=pt-br\"},{\"@type\":\"ListItem\",\"position\":3,\"name\":\"Ger\u00eancia S\u00eanior\",\"item\":\"https:\\\/\\\/seabornnetworks.com\\\/homolog\\\/sobre\\\/gerencia-senior\\\/?lang=pt-br\"},{\"@type\":\"ListItem\",\"position\":4,\"name\":\"Sean McNeill\"}]},{\"@type\":\"WebSite\",\"@id\":\"https:\\\/\\\/seabornnetworks.com\\\/homolog\\\/#website\",\"url\":\"https:\\\/\\\/seabornnetworks.com\\\/homolog\\\/\",\"name\":\"Seaborn Networks\",\"description\":\"Seaborn Networks is transforming global communications as the leading independent developer-owner-operator of submarine fiber optic cable systems\",\"potentialAction\":[{\"@type\":\"SearchAction\",\"target\":{\"@type\":\"EntryPoint\",\"urlTemplate\":\"https:\\\/\\\/seabornnetworks.com\\\/homolog\\\/?s={search_term_string}\"},\"query-input\":{\"@type\":\"PropertyValueSpecification\",\"valueRequired\":true,\"valueName\":\"search_term_string\"}}],\"inLanguage\":\"en-US\"}]}<\/script>\n<!-- \/ Yoast SEO plugin. -->","yoast_head_json":{"title":"Sean McNeill - Seaborn Networks","robots":{"index":"index","follow":"follow","max-snippet":"max-snippet:-1","max-image-preview":"max-image-preview:large","max-video-preview":"max-video-preview:-1"},"canonical":"https:\/\/seabornnetworks.com\/homolog\/sobre\/gerencia-senior\/sean-mcneill\/?lang=pt-br","og_locale":"en_US","og_type":"article","og_title":"Sean McNeill - Seaborn Networks","og_description":"Sean \u00e9 o CFO da Seaborn. Nessa fun\u00e7\u00e3o, ele \u00e9 respons\u00e1vel por liderar e gerenciar todas as opera\u00e7\u00f5es do departamento financeiro e cont\u00e1bil. Nos \u00faltimos 4 anos, Sean atuou como Vice-Presidente de Finan\u00e7as e Diretor de Planejamento e An\u00e1lise Financeira da empresa, onde gerenciou o or\u00e7amento anual e o processo de planejamento estrat\u00e9gico, trabalhando em [&hellip;]","og_url":"https:\/\/seabornnetworks.com\/homolog\/sobre\/gerencia-senior\/sean-mcneill\/?lang=pt-br","og_site_name":"Seaborn Networks","article_publisher":"https:\/\/www.facebook.com\/seabornnetworks","article_modified_time":"2025-03-21T17:56:37+00:00","og_image":[{"width":500,"height":500,"url":"https:\/\/seabornnetworks.com\/homolog\/wp-content\/uploads\/2025\/03\/sean-mcneill.jpg","type":"image\/jpeg"}],"twitter_card":"summary_large_image","twitter_site":"@seabornnetworks","twitter_misc":{"Est. reading time":"1 minute"},"schema":{"@context":"https:\/\/schema.org","@graph":[{"@type":"WebPage","@id":"https:\/\/seabornnetworks.com\/homolog\/sobre\/gerencia-senior\/sean-mcneill\/?lang=pt-br","url":"https:\/\/seabornnetworks.com\/homolog\/sobre\/gerencia-senior\/sean-mcneill\/?lang=pt-br","name":"Sean McNeill - Seaborn Networks","isPartOf":{"@id":"https:\/\/seabornnetworks.com\/homolog\/#website"},"primaryImageOfPage":{"@id":"https:\/\/seabornnetworks.com\/homolog\/sobre\/gerencia-senior\/sean-mcneill\/?lang=pt-br#primaryimage"},"image":{"@id":"https:\/\/seabornnetworks.com\/homolog\/sobre\/gerencia-senior\/sean-mcneill\/?lang=pt-br#primaryimage"},"thumbnailUrl":"https:\/\/seabornnetworks.com\/homolog\/wp-content\/uploads\/2025\/03\/sean-mcneill.jpg","datePublished":"2020-06-25T19:36:33+00:00","dateModified":"2025-03-21T17:56:37+00:00","breadcrumb":{"@id":"https:\/\/seabornnetworks.com\/homolog\/sobre\/gerencia-senior\/sean-mcneill\/?lang=pt-br#breadcrumb"},"inLanguage":"en-US","potentialAction":[{"@type":"ReadAction","target":["https:\/\/seabornnetworks.com\/homolog\/sobre\/gerencia-senior\/sean-mcneill\/?lang=pt-br"]}]},{"@type":"ImageObject","inLanguage":"en-US","@id":"https:\/\/seabornnetworks.com\/homolog\/sobre\/gerencia-senior\/sean-mcneill\/?lang=pt-br#primaryimage","url":"https:\/\/seabornnetworks.com\/homolog\/wp-content\/uploads\/2025\/03\/sean-mcneill.jpg","contentUrl":"https:\/\/seabornnetworks.com\/homolog\/wp-content\/uploads\/2025\/03\/sean-mcneill.jpg","width":500,"height":500},{"@type":"BreadcrumbList","@id":"https:\/\/seabornnetworks.com\/homolog\/sobre\/gerencia-senior\/sean-mcneill\/?lang=pt-br#breadcrumb","itemListElement":[{"@type":"ListItem","position":1,"name":"Home","item":"https:\/\/seabornnetworks.com\/homolog\/"},{"@type":"ListItem","position":2,"name":"Sobre a Seaborn Networks","item":"https:\/\/seabornnetworks.com\/homolog\/sobre\/?lang=pt-br"},{"@type":"ListItem","position":3,"name":"Ger\u00eancia S\u00eanior","item":"https:\/\/seabornnetworks.com\/homolog\/sobre\/gerencia-senior\/?lang=pt-br"},{"@type":"ListItem","position":4,"name":"Sean McNeill"}]},{"@type":"WebSite","@id":"https:\/\/seabornnetworks.com\/homolog\/#website","url":"https:\/\/seabornnetworks.com\/homolog\/","name":"Seaborn Networks","description":"Seaborn Networks is transforming global communications as the leading independent developer-owner-operator of submarine fiber optic cable systems","potentialAction":[{"@type":"SearchAction","target":{"@type":"EntryPoint","urlTemplate":"https:\/\/seabornnetworks.com\/homolog\/?s={search_term_string}"},"query-input":{"@type":"PropertyValueSpecification","valueRequired":true,"valueName":"search_term_string"}}],"inLanguage":"en-US"}]}},"_links":{"self":[{"href":"https:\/\/seabornnetworks.com\/homolog\/wp-json\/wp\/v2\/pages\/3199","targetHints":{"allow":["GET"]}}],"collection":[{"href":"https:\/\/seabornnetworks.com\/homolog\/wp-json\/wp\/v2\/pages"}],"about":[{"href":"https:\/\/seabornnetworks.com\/homolog\/wp-json\/wp\/v2\/types\/page"}],"author":[{"embeddable":true,"href":"https:\/\/seabornnetworks.com\/homolog\/wp-json\/wp\/v2\/users\/2"}],"replies":[{"embeddable":true,"href":"https:\/\/seabornnetworks.com\/homolog\/wp-json\/wp\/v2\/comments?post=3199"}],"version-history":[{"count":4,"href":"https:\/\/seabornnetworks.com\/homolog\/wp-json\/wp\/v2\/pages\/3199\/revisions"}],"predecessor-version":[{"id":5274,"href":"https:\/\/seabornnetworks.com\/homolog\/wp-json\/wp\/v2\/pages\/3199\/revisions\/5274"}],"up":[{"embeddable":true,"href":"https:\/\/seabornnetworks.com\/homolog\/wp-json\/wp\/v2\/pages\/2593"}],"wp:featuredmedia":[{"embeddable":true,"href":"https:\/\/seabornnetworks.com\/homolog\/wp-json\/wp\/v2\/media\/5291"}],"wp:attachment":[{"href":"https:\/\/seabornnetworks.com\/homolog\/wp-json\/wp\/v2\/media?parent=3199"}],"curies":[{"name":"wp","href":"https:\/\/api.w.org\/{rel}","templated":true}]}}