{"id":3202,"date":"2020-06-28T22:06:03","date_gmt":"2020-06-28T21:06:03","guid":{"rendered":"http:\/\/seaborn.local\/sobre\/board-members\/pete-hayes\/"},"modified":"2020-10-08T11:44:23","modified_gmt":"2020-10-08T10:44:23","slug":"pete-hayes","status":"publish","type":"page","link":"https:\/\/seabornnetworks.com\/homolog\/sobre\/membros-do-conselho\/pete-hayes\/?lang=pt-br","title":{"rendered":"Pete Hayes"},"content":{"rendered":"<p>Ap\u00f3s 35 anos liderando unidades de neg\u00f3cios relevantes em grandes empresas, Pete agora concentra suas habilidades e experi\u00eancia em capital de risco, private equity e outras atividades de consultoria. Pete \u00e9 o fundador e CEO da Middleburg Venture Partners, uma firma de consultoria especializada em estrat\u00e9gia, insight, inova\u00e7\u00e3o e investimento no setor TMT (tecnologia, m\u00eddia e telecomunica\u00e7\u00f5es).<\/p>\n<p>Atualmente, Pete \u00e9 Presidente do Conselho de Administra\u00e7\u00e3o da Seabras. Ele atua no conselho de v\u00e1rias empresas em diversos segmentos como; Data Centers, Servi\u00e7os Gerenciados, Acelera\u00e7\u00e3o em Nuvem, Call Center Baseado em Nuvem e Marketing. <\/p>\n<p>Pete \u00e9 o ex-diretor global de vendas da Equinix, a maior empresa de data center de varejo do mundo. Anteriormente, foi vice-presidente executivo de vendas e suporte comercial da Frontier Communications. Ele trabalhou na Microsoft de 1991 a janeiro de 2005 atuando em diversas posi\u00e7\u00f5es de lideran\u00e7a s\u00eanior. Antes da Microsoft, Pete trabalhou na IBM em v\u00e1rias posi\u00e7\u00f5es gerenciais nas \u00e1reas de vendas e t\u00e9cnicas.<\/p>\n","protected":false},"excerpt":{"rendered":"<p>Ap\u00f3s 35 anos liderando unidades de neg\u00f3cios relevantes em grandes empresas, Pete agora concentra suas habilidades e experi\u00eancia em capital de risco, private equity e outras atividades de consultoria. Pete \u00e9 o fundador e CEO da Middleburg Venture Partners, uma firma de consultoria especializada em estrat\u00e9gia, insight, inova\u00e7\u00e3o e investimento no setor TMT (tecnologia, m\u00eddia [&hellip;]<\/p>\n","protected":false},"author":2,"featured_media":3130,"parent":3187,"menu_order":1,"comment_status":"closed","ping_status":"closed","template":"templates\/team.php","meta":{"_acf_changed":false,"footnotes":""},"class_list":["post-3202","page","type-page","status-publish","has-post-thumbnail","hentry"],"acf":[],"yoast_head":"<!-- This site is optimized with the Yoast SEO plugin v27.5 - https:\/\/yoast.com\/product\/yoast-seo-wordpress\/ -->\n<title>Pete Hayes - Seaborn Networks<\/title>\n<meta name=\"robots\" content=\"index, follow, max-snippet:-1, max-image-preview:large, max-video-preview:-1\" \/>\n<link rel=\"canonical\" href=\"https:\/\/seabornnetworks.com\/homolog\/sobre\/membros-do-conselho\/pete-hayes\/?lang=pt-br\" \/>\n<meta property=\"og:locale\" content=\"en_US\" \/>\n<meta property=\"og:type\" content=\"article\" \/>\n<meta property=\"og:title\" content=\"Pete Hayes - Seaborn Networks\" \/>\n<meta property=\"og:description\" content=\"Ap\u00f3s 35 anos liderando unidades de neg\u00f3cios relevantes em grandes empresas, Pete agora concentra suas habilidades e experi\u00eancia em capital de risco, private equity e outras atividades de consultoria. Pete \u00e9 o fundador e CEO da Middleburg Venture Partners, uma firma de consultoria especializada em estrat\u00e9gia, insight, inova\u00e7\u00e3o e investimento no setor TMT (tecnologia, m\u00eddia [&hellip;]\" \/>\n<meta property=\"og:url\" content=\"https:\/\/seabornnetworks.com\/homolog\/sobre\/membros-do-conselho\/pete-hayes\/?lang=pt-br\" \/>\n<meta property=\"og:site_name\" content=\"Seaborn Networks\" \/>\n<meta property=\"article:publisher\" content=\"https:\/\/www.facebook.com\/seabornnetworks\" \/>\n<meta property=\"article:modified_time\" content=\"2020-10-08T10:44:23+00:00\" \/>\n<meta property=\"og:image\" content=\"https:\/\/seabornnetworks.com\/homolog\/wp-content\/uploads\/2020\/06\/pete-hayes.jpg\" \/>\n\t<meta property=\"og:image:width\" content=\"500\" \/>\n\t<meta property=\"og:image:height\" content=\"500\" \/>\n\t<meta property=\"og:image:type\" content=\"image\/jpeg\" \/>\n<meta name=\"twitter:card\" content=\"summary_large_image\" \/>\n<meta name=\"twitter:site\" content=\"@seabornnetworks\" \/>\n<meta name=\"twitter:label1\" content=\"Est. reading time\" \/>\n\t<meta name=\"twitter:data1\" content=\"1 minute\" \/>\n<script type=\"application\/ld+json\" class=\"yoast-schema-graph\">{\"@context\":\"https:\\\/\\\/schema.org\",\"@graph\":[{\"@type\":\"WebPage\",\"@id\":\"https:\\\/\\\/seabornnetworks.com\\\/homolog\\\/sobre\\\/membros-do-conselho\\\/pete-hayes\\\/?lang=pt-br\",\"url\":\"https:\\\/\\\/seabornnetworks.com\\\/homolog\\\/sobre\\\/membros-do-conselho\\\/pete-hayes\\\/?lang=pt-br\",\"name\":\"Pete Hayes - Seaborn Networks\",\"isPartOf\":{\"@id\":\"https:\\\/\\\/seabornnetworks.com\\\/homolog\\\/#website\"},\"primaryImageOfPage\":{\"@id\":\"https:\\\/\\\/seabornnetworks.com\\\/homolog\\\/sobre\\\/membros-do-conselho\\\/pete-hayes\\\/?lang=pt-br#primaryimage\"},\"image\":{\"@id\":\"https:\\\/\\\/seabornnetworks.com\\\/homolog\\\/sobre\\\/membros-do-conselho\\\/pete-hayes\\\/?lang=pt-br#primaryimage\"},\"thumbnailUrl\":\"https:\\\/\\\/seabornnetworks.com\\\/homolog\\\/wp-content\\\/uploads\\\/2020\\\/06\\\/pete-hayes.jpg\",\"datePublished\":\"2020-06-28T21:06:03+00:00\",\"dateModified\":\"2020-10-08T10:44:23+00:00\",\"breadcrumb\":{\"@id\":\"https:\\\/\\\/seabornnetworks.com\\\/homolog\\\/sobre\\\/membros-do-conselho\\\/pete-hayes\\\/?lang=pt-br#breadcrumb\"},\"inLanguage\":\"en-US\",\"potentialAction\":[{\"@type\":\"ReadAction\",\"target\":[\"https:\\\/\\\/seabornnetworks.com\\\/homolog\\\/sobre\\\/membros-do-conselho\\\/pete-hayes\\\/?lang=pt-br\"]}]},{\"@type\":\"ImageObject\",\"inLanguage\":\"en-US\",\"@id\":\"https:\\\/\\\/seabornnetworks.com\\\/homolog\\\/sobre\\\/membros-do-conselho\\\/pete-hayes\\\/?lang=pt-br#primaryimage\",\"url\":\"https:\\\/\\\/seabornnetworks.com\\\/homolog\\\/wp-content\\\/uploads\\\/2020\\\/06\\\/pete-hayes.jpg\",\"contentUrl\":\"https:\\\/\\\/seabornnetworks.com\\\/homolog\\\/wp-content\\\/uploads\\\/2020\\\/06\\\/pete-hayes.jpg\",\"width\":500,\"height\":500},{\"@type\":\"BreadcrumbList\",\"@id\":\"https:\\\/\\\/seabornnetworks.com\\\/homolog\\\/sobre\\\/membros-do-conselho\\\/pete-hayes\\\/?lang=pt-br#breadcrumb\",\"itemListElement\":[{\"@type\":\"ListItem\",\"position\":1,\"name\":\"Home\",\"item\":\"https:\\\/\\\/seabornnetworks.com\\\/homolog\\\/\"},{\"@type\":\"ListItem\",\"position\":2,\"name\":\"Sobre a Seaborn Networks\",\"item\":\"https:\\\/\\\/seabornnetworks.com\\\/homolog\\\/sobre\\\/?lang=pt-br\"},{\"@type\":\"ListItem\",\"position\":3,\"name\":\"Membros do Conselho\",\"item\":\"https:\\\/\\\/seabornnetworks.com\\\/homolog\\\/sobre\\\/membros-do-conselho\\\/?lang=pt-br\"},{\"@type\":\"ListItem\",\"position\":4,\"name\":\"Pete Hayes\"}]},{\"@type\":\"WebSite\",\"@id\":\"https:\\\/\\\/seabornnetworks.com\\\/homolog\\\/#website\",\"url\":\"https:\\\/\\\/seabornnetworks.com\\\/homolog\\\/\",\"name\":\"Seaborn Networks\",\"description\":\"Seaborn Networks is transforming global communications as the leading independent developer-owner-operator of submarine fiber optic cable systems\",\"potentialAction\":[{\"@type\":\"SearchAction\",\"target\":{\"@type\":\"EntryPoint\",\"urlTemplate\":\"https:\\\/\\\/seabornnetworks.com\\\/homolog\\\/?s={search_term_string}\"},\"query-input\":{\"@type\":\"PropertyValueSpecification\",\"valueRequired\":true,\"valueName\":\"search_term_string\"}}],\"inLanguage\":\"en-US\"}]}<\/script>\n<!-- \/ Yoast SEO plugin. -->","yoast_head_json":{"title":"Pete Hayes - Seaborn Networks","robots":{"index":"index","follow":"follow","max-snippet":"max-snippet:-1","max-image-preview":"max-image-preview:large","max-video-preview":"max-video-preview:-1"},"canonical":"https:\/\/seabornnetworks.com\/homolog\/sobre\/membros-do-conselho\/pete-hayes\/?lang=pt-br","og_locale":"en_US","og_type":"article","og_title":"Pete Hayes - Seaborn Networks","og_description":"Ap\u00f3s 35 anos liderando unidades de neg\u00f3cios relevantes em grandes empresas, Pete agora concentra suas habilidades e experi\u00eancia em capital de risco, private equity e outras atividades de consultoria. Pete \u00e9 o fundador e CEO da Middleburg Venture Partners, uma firma de consultoria especializada em estrat\u00e9gia, insight, inova\u00e7\u00e3o e investimento no setor TMT (tecnologia, m\u00eddia [&hellip;]","og_url":"https:\/\/seabornnetworks.com\/homolog\/sobre\/membros-do-conselho\/pete-hayes\/?lang=pt-br","og_site_name":"Seaborn Networks","article_publisher":"https:\/\/www.facebook.com\/seabornnetworks","article_modified_time":"2020-10-08T10:44:23+00:00","og_image":[{"width":500,"height":500,"url":"https:\/\/seabornnetworks.com\/homolog\/wp-content\/uploads\/2020\/06\/pete-hayes.jpg","type":"image\/jpeg"}],"twitter_card":"summary_large_image","twitter_site":"@seabornnetworks","twitter_misc":{"Est. reading time":"1 minute"},"schema":{"@context":"https:\/\/schema.org","@graph":[{"@type":"WebPage","@id":"https:\/\/seabornnetworks.com\/homolog\/sobre\/membros-do-conselho\/pete-hayes\/?lang=pt-br","url":"https:\/\/seabornnetworks.com\/homolog\/sobre\/membros-do-conselho\/pete-hayes\/?lang=pt-br","name":"Pete Hayes - Seaborn Networks","isPartOf":{"@id":"https:\/\/seabornnetworks.com\/homolog\/#website"},"primaryImageOfPage":{"@id":"https:\/\/seabornnetworks.com\/homolog\/sobre\/membros-do-conselho\/pete-hayes\/?lang=pt-br#primaryimage"},"image":{"@id":"https:\/\/seabornnetworks.com\/homolog\/sobre\/membros-do-conselho\/pete-hayes\/?lang=pt-br#primaryimage"},"thumbnailUrl":"https:\/\/seabornnetworks.com\/homolog\/wp-content\/uploads\/2020\/06\/pete-hayes.jpg","datePublished":"2020-06-28T21:06:03+00:00","dateModified":"2020-10-08T10:44:23+00:00","breadcrumb":{"@id":"https:\/\/seabornnetworks.com\/homolog\/sobre\/membros-do-conselho\/pete-hayes\/?lang=pt-br#breadcrumb"},"inLanguage":"en-US","potentialAction":[{"@type":"ReadAction","target":["https:\/\/seabornnetworks.com\/homolog\/sobre\/membros-do-conselho\/pete-hayes\/?lang=pt-br"]}]},{"@type":"ImageObject","inLanguage":"en-US","@id":"https:\/\/seabornnetworks.com\/homolog\/sobre\/membros-do-conselho\/pete-hayes\/?lang=pt-br#primaryimage","url":"https:\/\/seabornnetworks.com\/homolog\/wp-content\/uploads\/2020\/06\/pete-hayes.jpg","contentUrl":"https:\/\/seabornnetworks.com\/homolog\/wp-content\/uploads\/2020\/06\/pete-hayes.jpg","width":500,"height":500},{"@type":"BreadcrumbList","@id":"https:\/\/seabornnetworks.com\/homolog\/sobre\/membros-do-conselho\/pete-hayes\/?lang=pt-br#breadcrumb","itemListElement":[{"@type":"ListItem","position":1,"name":"Home","item":"https:\/\/seabornnetworks.com\/homolog\/"},{"@type":"ListItem","position":2,"name":"Sobre a Seaborn Networks","item":"https:\/\/seabornnetworks.com\/homolog\/sobre\/?lang=pt-br"},{"@type":"ListItem","position":3,"name":"Membros do Conselho","item":"https:\/\/seabornnetworks.com\/homolog\/sobre\/membros-do-conselho\/?lang=pt-br"},{"@type":"ListItem","position":4,"name":"Pete Hayes"}]},{"@type":"WebSite","@id":"https:\/\/seabornnetworks.com\/homolog\/#website","url":"https:\/\/seabornnetworks.com\/homolog\/","name":"Seaborn Networks","description":"Seaborn Networks is transforming global communications as the leading independent developer-owner-operator of submarine fiber optic cable systems","potentialAction":[{"@type":"SearchAction","target":{"@type":"EntryPoint","urlTemplate":"https:\/\/seabornnetworks.com\/homolog\/?s={search_term_string}"},"query-input":{"@type":"PropertyValueSpecification","valueRequired":true,"valueName":"search_term_string"}}],"inLanguage":"en-US"}]}},"_links":{"self":[{"href":"https:\/\/seabornnetworks.com\/homolog\/wp-json\/wp\/v2\/pages\/3202","targetHints":{"allow":["GET"]}}],"collection":[{"href":"https:\/\/seabornnetworks.com\/homolog\/wp-json\/wp\/v2\/pages"}],"about":[{"href":"https:\/\/seabornnetworks.com\/homolog\/wp-json\/wp\/v2\/types\/page"}],"author":[{"embeddable":true,"href":"https:\/\/seabornnetworks.com\/homolog\/wp-json\/wp\/v2\/users\/2"}],"replies":[{"embeddable":true,"href":"https:\/\/seabornnetworks.com\/homolog\/wp-json\/wp\/v2\/comments?post=3202"}],"version-history":[{"count":2,"href":"https:\/\/seabornnetworks.com\/homolog\/wp-json\/wp\/v2\/pages\/3202\/revisions"}],"predecessor-version":[{"id":3803,"href":"https:\/\/seabornnetworks.com\/homolog\/wp-json\/wp\/v2\/pages\/3202\/revisions\/3803"}],"up":[{"embeddable":true,"href":"https:\/\/seabornnetworks.com\/homolog\/wp-json\/wp\/v2\/pages\/3187"}],"wp:featuredmedia":[{"embeddable":true,"href":"https:\/\/seabornnetworks.com\/homolog\/wp-json\/wp\/v2\/media\/3130"}],"wp:attachment":[{"href":"https:\/\/seabornnetworks.com\/homolog\/wp-json\/wp\/v2\/media?parent=3202"}],"curies":[{"name":"wp","href":"https:\/\/api.w.org\/{rel}","templated":true}]}}