{"id":3203,"date":"2020-06-28T22:09:21","date_gmt":"2020-06-28T21:09:21","guid":{"rendered":"http:\/\/seaborn.local\/sobre\/board-members\/don-shassian\/"},"modified":"2020-07-02T15:02:43","modified_gmt":"2020-07-02T14:02:43","slug":"don-shassian","status":"publish","type":"page","link":"https:\/\/seabornnetworks.com\/homolog\/sobre\/membros-do-conselho\/don-shassian\/?lang=pt-br","title":{"rendered":"Don Shassian"},"content":{"rendered":"<p>Don ocupou a lideran\u00e7a da \u00e1rea financeira de diversas empresas como integrante da administra\u00e7\u00e3o, como consultor ou como membro do conselho nos \u00faltimos 40 anos. Durante esse per\u00edodo, ele liderou todas as \u00e1reas de finan\u00e7as, incluindo rela\u00e7\u00f5es com investidores, TI e fus\u00f5es e aquisi\u00e7\u00f5es. Don foi respons\u00e1vel por liderar aquisi\u00e7\u00f5es, desinvestimento, integra\u00e7\u00f5es, reorganiza\u00e7\u00f5es e redu\u00e7\u00f5es de custos. Atualmente, Don est\u00e1 prestando servi\u00e7os e assessorando algumas investidas do Partners Group e outras empresas de outros fundos. <\/p>\n<p>Seu \u00faltimo cargo de Lideran\u00e7a em per\u00edodo integral foi de 2013 a meados de 2018 como vice-presidente executivo e diretor financeiro da OUTFRONT Media (NYSE: OUT), uma das maiores empresas de m\u00eddia externas da Am\u00e9rica do Norte. De 2006 ao in\u00edcio de 2013, ele foi vice-presidente executivo e diretor financeiro da Frontier Communications. De 2001 ao in\u00edcio de 2006, ele prestou consultoria de fus\u00f5es e aquisi\u00e7\u00f5es a v\u00e1rias empresas de comunica\u00e7\u00e3o, na busca de aquisi\u00e7\u00f5es e desinvestimentos. Antes de 2001, ele ocupou cargos de diretor executivo na RSL Communications e na Southern New England Telecommunications Corporation e foi s\u00f3cio da Arthur Andersen.<\/p>\n<p>Don esteve no conselho da UIL Holdings Company (NYSE: UIL) por sete anos e atuou no conselho da Lightower Holdings (uma empresa do portf\u00f3lio da Berkshire Partners) por dois anos.<\/p>\n<p>Don se formou na Universidade de Bucknell em Administra\u00e7\u00e3o de Empresas com \u00eanfase em contabilidade. Ele \u00e9 casado e tem dois filhos (34 e 29 anos) e pratica golfe, ciclismo e treinamento f\u00edsico. Ele tamb\u00e9m \u00e9 presidente \/ tesoureiro de um condom\u00ednio em Hilton Head Island h\u00e1 25 anos.<\/p>\n","protected":false},"excerpt":{"rendered":"<p>Don ocupou a lideran\u00e7a da \u00e1rea financeira de diversas empresas como integrante da administra\u00e7\u00e3o, como consultor ou como membro do conselho nos \u00faltimos 40 anos. Durante esse per\u00edodo, ele liderou todas as \u00e1reas de finan\u00e7as, incluindo rela\u00e7\u00f5es com investidores, TI e fus\u00f5es e aquisi\u00e7\u00f5es. Don foi respons\u00e1vel por liderar aquisi\u00e7\u00f5es, desinvestimento, integra\u00e7\u00f5es, reorganiza\u00e7\u00f5es e redu\u00e7\u00f5es [&hellip;]<\/p>\n","protected":false},"author":2,"featured_media":3133,"parent":3187,"menu_order":2,"comment_status":"closed","ping_status":"closed","template":"templates\/team.php","meta":{"_acf_changed":false,"footnotes":""},"class_list":["post-3203","page","type-page","status-publish","has-post-thumbnail","hentry"],"acf":[],"yoast_head":"<!-- This site is optimized with the Yoast SEO plugin v27.5 - https:\/\/yoast.com\/product\/yoast-seo-wordpress\/ -->\n<title>Don Shassian - Seaborn Networks<\/title>\n<meta name=\"robots\" content=\"index, follow, max-snippet:-1, max-image-preview:large, max-video-preview:-1\" \/>\n<link rel=\"canonical\" href=\"https:\/\/seabornnetworks.com\/homolog\/sobre\/membros-do-conselho\/don-shassian\/?lang=pt-br\" \/>\n<meta property=\"og:locale\" content=\"en_US\" \/>\n<meta property=\"og:type\" content=\"article\" \/>\n<meta property=\"og:title\" content=\"Don Shassian - Seaborn Networks\" \/>\n<meta property=\"og:description\" content=\"Don ocupou a lideran\u00e7a da \u00e1rea financeira de diversas empresas como integrante da administra\u00e7\u00e3o, como consultor ou como membro do conselho nos \u00faltimos 40 anos. Durante esse per\u00edodo, ele liderou todas as \u00e1reas de finan\u00e7as, incluindo rela\u00e7\u00f5es com investidores, TI e fus\u00f5es e aquisi\u00e7\u00f5es. Don foi respons\u00e1vel por liderar aquisi\u00e7\u00f5es, desinvestimento, integra\u00e7\u00f5es, reorganiza\u00e7\u00f5es e redu\u00e7\u00f5es [&hellip;]\" \/>\n<meta property=\"og:url\" content=\"https:\/\/seabornnetworks.com\/homolog\/sobre\/membros-do-conselho\/don-shassian\/?lang=pt-br\" \/>\n<meta property=\"og:site_name\" content=\"Seaborn Networks\" \/>\n<meta property=\"article:publisher\" content=\"https:\/\/www.facebook.com\/seabornnetworks\" \/>\n<meta property=\"article:modified_time\" content=\"2020-07-02T14:02:43+00:00\" \/>\n<meta property=\"og:image\" content=\"https:\/\/seabornnetworks.com\/homolog\/wp-content\/uploads\/2020\/06\/don-shassian.jpg\" \/>\n\t<meta property=\"og:image:width\" content=\"500\" \/>\n\t<meta property=\"og:image:height\" content=\"500\" \/>\n\t<meta property=\"og:image:type\" content=\"image\/jpeg\" \/>\n<meta name=\"twitter:card\" content=\"summary_large_image\" \/>\n<meta name=\"twitter:site\" content=\"@seabornnetworks\" \/>\n<meta name=\"twitter:label1\" content=\"Est. reading time\" \/>\n\t<meta name=\"twitter:data1\" content=\"1 minute\" \/>\n<script type=\"application\/ld+json\" class=\"yoast-schema-graph\">{\"@context\":\"https:\\\/\\\/schema.org\",\"@graph\":[{\"@type\":\"WebPage\",\"@id\":\"https:\\\/\\\/seabornnetworks.com\\\/homolog\\\/sobre\\\/membros-do-conselho\\\/don-shassian\\\/?lang=pt-br\",\"url\":\"https:\\\/\\\/seabornnetworks.com\\\/homolog\\\/sobre\\\/membros-do-conselho\\\/don-shassian\\\/?lang=pt-br\",\"name\":\"Don Shassian - Seaborn Networks\",\"isPartOf\":{\"@id\":\"https:\\\/\\\/seabornnetworks.com\\\/homolog\\\/#website\"},\"primaryImageOfPage\":{\"@id\":\"https:\\\/\\\/seabornnetworks.com\\\/homolog\\\/sobre\\\/membros-do-conselho\\\/don-shassian\\\/?lang=pt-br#primaryimage\"},\"image\":{\"@id\":\"https:\\\/\\\/seabornnetworks.com\\\/homolog\\\/sobre\\\/membros-do-conselho\\\/don-shassian\\\/?lang=pt-br#primaryimage\"},\"thumbnailUrl\":\"https:\\\/\\\/seabornnetworks.com\\\/homolog\\\/wp-content\\\/uploads\\\/2020\\\/06\\\/don-shassian.jpg\",\"datePublished\":\"2020-06-28T21:09:21+00:00\",\"dateModified\":\"2020-07-02T14:02:43+00:00\",\"breadcrumb\":{\"@id\":\"https:\\\/\\\/seabornnetworks.com\\\/homolog\\\/sobre\\\/membros-do-conselho\\\/don-shassian\\\/?lang=pt-br#breadcrumb\"},\"inLanguage\":\"en-US\",\"potentialAction\":[{\"@type\":\"ReadAction\",\"target\":[\"https:\\\/\\\/seabornnetworks.com\\\/homolog\\\/sobre\\\/membros-do-conselho\\\/don-shassian\\\/?lang=pt-br\"]}]},{\"@type\":\"ImageObject\",\"inLanguage\":\"en-US\",\"@id\":\"https:\\\/\\\/seabornnetworks.com\\\/homolog\\\/sobre\\\/membros-do-conselho\\\/don-shassian\\\/?lang=pt-br#primaryimage\",\"url\":\"https:\\\/\\\/seabornnetworks.com\\\/homolog\\\/wp-content\\\/uploads\\\/2020\\\/06\\\/don-shassian.jpg\",\"contentUrl\":\"https:\\\/\\\/seabornnetworks.com\\\/homolog\\\/wp-content\\\/uploads\\\/2020\\\/06\\\/don-shassian.jpg\",\"width\":500,\"height\":500},{\"@type\":\"BreadcrumbList\",\"@id\":\"https:\\\/\\\/seabornnetworks.com\\\/homolog\\\/sobre\\\/membros-do-conselho\\\/don-shassian\\\/?lang=pt-br#breadcrumb\",\"itemListElement\":[{\"@type\":\"ListItem\",\"position\":1,\"name\":\"Home\",\"item\":\"https:\\\/\\\/seabornnetworks.com\\\/homolog\\\/\"},{\"@type\":\"ListItem\",\"position\":2,\"name\":\"Sobre a Seaborn Networks\",\"item\":\"https:\\\/\\\/seabornnetworks.com\\\/homolog\\\/sobre\\\/?lang=pt-br\"},{\"@type\":\"ListItem\",\"position\":3,\"name\":\"Membros do Conselho\",\"item\":\"https:\\\/\\\/seabornnetworks.com\\\/homolog\\\/sobre\\\/membros-do-conselho\\\/?lang=pt-br\"},{\"@type\":\"ListItem\",\"position\":4,\"name\":\"Don Shassian\"}]},{\"@type\":\"WebSite\",\"@id\":\"https:\\\/\\\/seabornnetworks.com\\\/homolog\\\/#website\",\"url\":\"https:\\\/\\\/seabornnetworks.com\\\/homolog\\\/\",\"name\":\"Seaborn Networks\",\"description\":\"Seaborn Networks is transforming global communications as the leading independent developer-owner-operator of submarine fiber optic cable systems\",\"potentialAction\":[{\"@type\":\"SearchAction\",\"target\":{\"@type\":\"EntryPoint\",\"urlTemplate\":\"https:\\\/\\\/seabornnetworks.com\\\/homolog\\\/?s={search_term_string}\"},\"query-input\":{\"@type\":\"PropertyValueSpecification\",\"valueRequired\":true,\"valueName\":\"search_term_string\"}}],\"inLanguage\":\"en-US\"}]}<\/script>\n<!-- \/ Yoast SEO plugin. -->","yoast_head_json":{"title":"Don Shassian - Seaborn Networks","robots":{"index":"index","follow":"follow","max-snippet":"max-snippet:-1","max-image-preview":"max-image-preview:large","max-video-preview":"max-video-preview:-1"},"canonical":"https:\/\/seabornnetworks.com\/homolog\/sobre\/membros-do-conselho\/don-shassian\/?lang=pt-br","og_locale":"en_US","og_type":"article","og_title":"Don Shassian - Seaborn Networks","og_description":"Don ocupou a lideran\u00e7a da \u00e1rea financeira de diversas empresas como integrante da administra\u00e7\u00e3o, como consultor ou como membro do conselho nos \u00faltimos 40 anos. Durante esse per\u00edodo, ele liderou todas as \u00e1reas de finan\u00e7as, incluindo rela\u00e7\u00f5es com investidores, TI e fus\u00f5es e aquisi\u00e7\u00f5es. Don foi respons\u00e1vel por liderar aquisi\u00e7\u00f5es, desinvestimento, integra\u00e7\u00f5es, reorganiza\u00e7\u00f5es e redu\u00e7\u00f5es [&hellip;]","og_url":"https:\/\/seabornnetworks.com\/homolog\/sobre\/membros-do-conselho\/don-shassian\/?lang=pt-br","og_site_name":"Seaborn Networks","article_publisher":"https:\/\/www.facebook.com\/seabornnetworks","article_modified_time":"2020-07-02T14:02:43+00:00","og_image":[{"width":500,"height":500,"url":"https:\/\/seabornnetworks.com\/homolog\/wp-content\/uploads\/2020\/06\/don-shassian.jpg","type":"image\/jpeg"}],"twitter_card":"summary_large_image","twitter_site":"@seabornnetworks","twitter_misc":{"Est. reading time":"1 minute"},"schema":{"@context":"https:\/\/schema.org","@graph":[{"@type":"WebPage","@id":"https:\/\/seabornnetworks.com\/homolog\/sobre\/membros-do-conselho\/don-shassian\/?lang=pt-br","url":"https:\/\/seabornnetworks.com\/homolog\/sobre\/membros-do-conselho\/don-shassian\/?lang=pt-br","name":"Don Shassian - Seaborn Networks","isPartOf":{"@id":"https:\/\/seabornnetworks.com\/homolog\/#website"},"primaryImageOfPage":{"@id":"https:\/\/seabornnetworks.com\/homolog\/sobre\/membros-do-conselho\/don-shassian\/?lang=pt-br#primaryimage"},"image":{"@id":"https:\/\/seabornnetworks.com\/homolog\/sobre\/membros-do-conselho\/don-shassian\/?lang=pt-br#primaryimage"},"thumbnailUrl":"https:\/\/seabornnetworks.com\/homolog\/wp-content\/uploads\/2020\/06\/don-shassian.jpg","datePublished":"2020-06-28T21:09:21+00:00","dateModified":"2020-07-02T14:02:43+00:00","breadcrumb":{"@id":"https:\/\/seabornnetworks.com\/homolog\/sobre\/membros-do-conselho\/don-shassian\/?lang=pt-br#breadcrumb"},"inLanguage":"en-US","potentialAction":[{"@type":"ReadAction","target":["https:\/\/seabornnetworks.com\/homolog\/sobre\/membros-do-conselho\/don-shassian\/?lang=pt-br"]}]},{"@type":"ImageObject","inLanguage":"en-US","@id":"https:\/\/seabornnetworks.com\/homolog\/sobre\/membros-do-conselho\/don-shassian\/?lang=pt-br#primaryimage","url":"https:\/\/seabornnetworks.com\/homolog\/wp-content\/uploads\/2020\/06\/don-shassian.jpg","contentUrl":"https:\/\/seabornnetworks.com\/homolog\/wp-content\/uploads\/2020\/06\/don-shassian.jpg","width":500,"height":500},{"@type":"BreadcrumbList","@id":"https:\/\/seabornnetworks.com\/homolog\/sobre\/membros-do-conselho\/don-shassian\/?lang=pt-br#breadcrumb","itemListElement":[{"@type":"ListItem","position":1,"name":"Home","item":"https:\/\/seabornnetworks.com\/homolog\/"},{"@type":"ListItem","position":2,"name":"Sobre a Seaborn Networks","item":"https:\/\/seabornnetworks.com\/homolog\/sobre\/?lang=pt-br"},{"@type":"ListItem","position":3,"name":"Membros do Conselho","item":"https:\/\/seabornnetworks.com\/homolog\/sobre\/membros-do-conselho\/?lang=pt-br"},{"@type":"ListItem","position":4,"name":"Don Shassian"}]},{"@type":"WebSite","@id":"https:\/\/seabornnetworks.com\/homolog\/#website","url":"https:\/\/seabornnetworks.com\/homolog\/","name":"Seaborn Networks","description":"Seaborn Networks is transforming global communications as the leading independent developer-owner-operator of submarine fiber optic cable systems","potentialAction":[{"@type":"SearchAction","target":{"@type":"EntryPoint","urlTemplate":"https:\/\/seabornnetworks.com\/homolog\/?s={search_term_string}"},"query-input":{"@type":"PropertyValueSpecification","valueRequired":true,"valueName":"search_term_string"}}],"inLanguage":"en-US"}]}},"_links":{"self":[{"href":"https:\/\/seabornnetworks.com\/homolog\/wp-json\/wp\/v2\/pages\/3203","targetHints":{"allow":["GET"]}}],"collection":[{"href":"https:\/\/seabornnetworks.com\/homolog\/wp-json\/wp\/v2\/pages"}],"about":[{"href":"https:\/\/seabornnetworks.com\/homolog\/wp-json\/wp\/v2\/types\/page"}],"author":[{"embeddable":true,"href":"https:\/\/seabornnetworks.com\/homolog\/wp-json\/wp\/v2\/users\/2"}],"replies":[{"embeddable":true,"href":"https:\/\/seabornnetworks.com\/homolog\/wp-json\/wp\/v2\/comments?post=3203"}],"version-history":[{"count":2,"href":"https:\/\/seabornnetworks.com\/homolog\/wp-json\/wp\/v2\/pages\/3203\/revisions"}],"predecessor-version":[{"id":3296,"href":"https:\/\/seabornnetworks.com\/homolog\/wp-json\/wp\/v2\/pages\/3203\/revisions\/3296"}],"up":[{"embeddable":true,"href":"https:\/\/seabornnetworks.com\/homolog\/wp-json\/wp\/v2\/pages\/3187"}],"wp:featuredmedia":[{"embeddable":true,"href":"https:\/\/seabornnetworks.com\/homolog\/wp-json\/wp\/v2\/media\/3133"}],"wp:attachment":[{"href":"https:\/\/seabornnetworks.com\/homolog\/wp-json\/wp\/v2\/media?parent=3203"}],"curies":[{"name":"wp","href":"https:\/\/api.w.org\/{rel}","templated":true}]}}