{"id":4003,"date":"2021-02-07T21:54:33","date_gmt":"2021-02-07T21:54:33","guid":{"rendered":"https:\/\/seabornnetworks.com\/homolog\/sobre\/gerencia-senior\/lin-gentemann\/"},"modified":"2025-03-21T18:00:53","modified_gmt":"2025-03-21T18:00:53","slug":"lin-gentemann","status":"publish","type":"page","link":"https:\/\/seabornnetworks.com\/homolog\/sobre\/gerencia-senior\/lin-gentemann\/?lang=pt-br","title":{"rendered":"Lin Gentemann"},"content":{"rendered":"<p>Lin traz mais de 2 d\u00e9cadas de experi\u00eancia internacional em telecomunica\u00e7\u00f5es para suas responsabilidades como Conselheira Jur\u00eddica da Seaborn. Como l\u00edder jur\u00eddica da empresa, ela dirige a estrat\u00e9gia legal e regulat\u00f3ria e as fun\u00e7\u00f5es de apoio \u00e0s opera\u00e7\u00f5es de neg\u00f3cios da Seaborn.<\/p>\n<p>Lin atuou como diretor jur\u00eddico de v\u00e1rias empresas de telecomunica\u00e7\u00f5es, incluindo 360networks e GlobeNet. Ela come\u00e7ou sua carreira em telecomunica\u00e7\u00f5es com a nova e inovadora MCI Communications ap\u00f3s sair dos escrit\u00f3rios da Jones Day, um escrit\u00f3rio de advocacia l\u00edder global. De iniciantes a iniciantes, Lin abra\u00e7a os desafios que as novas oportunidades trazem.<\/p>\n<p>Lin obteve um doutorado em Direito, cum laude, do Washington College of Law e um diploma de bacharel pela Universidade da Virg\u00ednia.<\/p>\n","protected":false},"excerpt":{"rendered":"<p>Lin traz mais de 2 d\u00e9cadas de experi\u00eancia internacional em telecomunica\u00e7\u00f5es para suas responsabilidades como Conselheira Jur\u00eddica da Seaborn. Como l\u00edder jur\u00eddica da empresa, ela dirige a estrat\u00e9gia legal e regulat\u00f3ria e as fun\u00e7\u00f5es de apoio \u00e0s opera\u00e7\u00f5es de neg\u00f3cios da Seaborn. Lin atuou como diretor jur\u00eddico de v\u00e1rias empresas de telecomunica\u00e7\u00f5es, incluindo 360networks e [&hellip;]<\/p>\n","protected":false},"author":2,"featured_media":4000,"parent":2593,"menu_order":3,"comment_status":"closed","ping_status":"closed","template":"","meta":{"_acf_changed":false,"footnotes":""},"class_list":["post-4003","page","type-page","status-publish","has-post-thumbnail","hentry"],"acf":[],"yoast_head":"<!-- This site is optimized with the Yoast SEO plugin v27.5 - https:\/\/yoast.com\/product\/yoast-seo-wordpress\/ -->\n<title>Lin Gentemann - Seaborn Networks<\/title>\n<meta name=\"robots\" content=\"index, follow, max-snippet:-1, max-image-preview:large, max-video-preview:-1\" \/>\n<link rel=\"canonical\" href=\"https:\/\/seabornnetworks.com\/homolog\/sobre\/gerencia-senior\/lin-gentemann\/?lang=pt-br\" \/>\n<meta property=\"og:locale\" content=\"en_US\" \/>\n<meta property=\"og:type\" content=\"article\" \/>\n<meta property=\"og:title\" content=\"Lin Gentemann - Seaborn Networks\" \/>\n<meta property=\"og:description\" content=\"Lin traz mais de 2 d\u00e9cadas de experi\u00eancia internacional em telecomunica\u00e7\u00f5es para suas responsabilidades como Conselheira Jur\u00eddica da Seaborn. Como l\u00edder jur\u00eddica da empresa, ela dirige a estrat\u00e9gia legal e regulat\u00f3ria e as fun\u00e7\u00f5es de apoio \u00e0s opera\u00e7\u00f5es de neg\u00f3cios da Seaborn. Lin atuou como diretor jur\u00eddico de v\u00e1rias empresas de telecomunica\u00e7\u00f5es, incluindo 360networks e [&hellip;]\" \/>\n<meta property=\"og:url\" content=\"https:\/\/seabornnetworks.com\/homolog\/sobre\/gerencia-senior\/lin-gentemann\/?lang=pt-br\" \/>\n<meta property=\"og:site_name\" content=\"Seaborn Networks\" \/>\n<meta property=\"article:publisher\" content=\"https:\/\/www.facebook.com\/seabornnetworks\" \/>\n<meta property=\"article:modified_time\" content=\"2025-03-21T18:00:53+00:00\" \/>\n<meta property=\"og:image\" content=\"https:\/\/seabornnetworks.com\/homolog\/wp-content\/uploads\/2021\/02\/linn-gentemann.jpg\" \/>\n\t<meta property=\"og:image:width\" content=\"500\" \/>\n\t<meta property=\"og:image:height\" content=\"500\" \/>\n\t<meta property=\"og:image:type\" content=\"image\/jpeg\" \/>\n<meta name=\"twitter:card\" content=\"summary_large_image\" \/>\n<meta name=\"twitter:site\" content=\"@seabornnetworks\" \/>\n<meta name=\"twitter:label1\" content=\"Est. reading time\" \/>\n\t<meta name=\"twitter:data1\" content=\"1 minute\" \/>\n<script type=\"application\/ld+json\" class=\"yoast-schema-graph\">{\"@context\":\"https:\\\/\\\/schema.org\",\"@graph\":[{\"@type\":\"WebPage\",\"@id\":\"https:\\\/\\\/seabornnetworks.com\\\/homolog\\\/sobre\\\/gerencia-senior\\\/lin-gentemann\\\/?lang=pt-br\",\"url\":\"https:\\\/\\\/seabornnetworks.com\\\/homolog\\\/sobre\\\/gerencia-senior\\\/lin-gentemann\\\/?lang=pt-br\",\"name\":\"Lin Gentemann - Seaborn Networks\",\"isPartOf\":{\"@id\":\"https:\\\/\\\/seabornnetworks.com\\\/homolog\\\/#website\"},\"primaryImageOfPage\":{\"@id\":\"https:\\\/\\\/seabornnetworks.com\\\/homolog\\\/sobre\\\/gerencia-senior\\\/lin-gentemann\\\/?lang=pt-br#primaryimage\"},\"image\":{\"@id\":\"https:\\\/\\\/seabornnetworks.com\\\/homolog\\\/sobre\\\/gerencia-senior\\\/lin-gentemann\\\/?lang=pt-br#primaryimage\"},\"thumbnailUrl\":\"https:\\\/\\\/seabornnetworks.com\\\/homolog\\\/wp-content\\\/uploads\\\/2021\\\/02\\\/linn-gentemann.jpg\",\"datePublished\":\"2021-02-07T21:54:33+00:00\",\"dateModified\":\"2025-03-21T18:00:53+00:00\",\"breadcrumb\":{\"@id\":\"https:\\\/\\\/seabornnetworks.com\\\/homolog\\\/sobre\\\/gerencia-senior\\\/lin-gentemann\\\/?lang=pt-br#breadcrumb\"},\"inLanguage\":\"en-US\",\"potentialAction\":[{\"@type\":\"ReadAction\",\"target\":[\"https:\\\/\\\/seabornnetworks.com\\\/homolog\\\/sobre\\\/gerencia-senior\\\/lin-gentemann\\\/?lang=pt-br\"]}]},{\"@type\":\"ImageObject\",\"inLanguage\":\"en-US\",\"@id\":\"https:\\\/\\\/seabornnetworks.com\\\/homolog\\\/sobre\\\/gerencia-senior\\\/lin-gentemann\\\/?lang=pt-br#primaryimage\",\"url\":\"https:\\\/\\\/seabornnetworks.com\\\/homolog\\\/wp-content\\\/uploads\\\/2021\\\/02\\\/linn-gentemann.jpg\",\"contentUrl\":\"https:\\\/\\\/seabornnetworks.com\\\/homolog\\\/wp-content\\\/uploads\\\/2021\\\/02\\\/linn-gentemann.jpg\",\"width\":500,\"height\":500},{\"@type\":\"BreadcrumbList\",\"@id\":\"https:\\\/\\\/seabornnetworks.com\\\/homolog\\\/sobre\\\/gerencia-senior\\\/lin-gentemann\\\/?lang=pt-br#breadcrumb\",\"itemListElement\":[{\"@type\":\"ListItem\",\"position\":1,\"name\":\"Home\",\"item\":\"https:\\\/\\\/seabornnetworks.com\\\/homolog\\\/\"},{\"@type\":\"ListItem\",\"position\":2,\"name\":\"Sobre a Seaborn Networks\",\"item\":\"https:\\\/\\\/seabornnetworks.com\\\/homolog\\\/sobre\\\/?lang=pt-br\"},{\"@type\":\"ListItem\",\"position\":3,\"name\":\"Ger\u00eancia S\u00eanior\",\"item\":\"https:\\\/\\\/seabornnetworks.com\\\/homolog\\\/sobre\\\/gerencia-senior\\\/?lang=pt-br\"},{\"@type\":\"ListItem\",\"position\":4,\"name\":\"Lin Gentemann\"}]},{\"@type\":\"WebSite\",\"@id\":\"https:\\\/\\\/seabornnetworks.com\\\/homolog\\\/#website\",\"url\":\"https:\\\/\\\/seabornnetworks.com\\\/homolog\\\/\",\"name\":\"Seaborn Networks\",\"description\":\"Seaborn Networks is transforming global communications as the leading independent developer-owner-operator of submarine fiber optic cable systems\",\"potentialAction\":[{\"@type\":\"SearchAction\",\"target\":{\"@type\":\"EntryPoint\",\"urlTemplate\":\"https:\\\/\\\/seabornnetworks.com\\\/homolog\\\/?s={search_term_string}\"},\"query-input\":{\"@type\":\"PropertyValueSpecification\",\"valueRequired\":true,\"valueName\":\"search_term_string\"}}],\"inLanguage\":\"en-US\"}]}<\/script>\n<!-- \/ Yoast SEO plugin. -->","yoast_head_json":{"title":"Lin Gentemann - Seaborn Networks","robots":{"index":"index","follow":"follow","max-snippet":"max-snippet:-1","max-image-preview":"max-image-preview:large","max-video-preview":"max-video-preview:-1"},"canonical":"https:\/\/seabornnetworks.com\/homolog\/sobre\/gerencia-senior\/lin-gentemann\/?lang=pt-br","og_locale":"en_US","og_type":"article","og_title":"Lin Gentemann - Seaborn Networks","og_description":"Lin traz mais de 2 d\u00e9cadas de experi\u00eancia internacional em telecomunica\u00e7\u00f5es para suas responsabilidades como Conselheira Jur\u00eddica da Seaborn. Como l\u00edder jur\u00eddica da empresa, ela dirige a estrat\u00e9gia legal e regulat\u00f3ria e as fun\u00e7\u00f5es de apoio \u00e0s opera\u00e7\u00f5es de neg\u00f3cios da Seaborn. Lin atuou como diretor jur\u00eddico de v\u00e1rias empresas de telecomunica\u00e7\u00f5es, incluindo 360networks e [&hellip;]","og_url":"https:\/\/seabornnetworks.com\/homolog\/sobre\/gerencia-senior\/lin-gentemann\/?lang=pt-br","og_site_name":"Seaborn Networks","article_publisher":"https:\/\/www.facebook.com\/seabornnetworks","article_modified_time":"2025-03-21T18:00:53+00:00","og_image":[{"width":500,"height":500,"url":"https:\/\/seabornnetworks.com\/homolog\/wp-content\/uploads\/2021\/02\/linn-gentemann.jpg","type":"image\/jpeg"}],"twitter_card":"summary_large_image","twitter_site":"@seabornnetworks","twitter_misc":{"Est. reading time":"1 minute"},"schema":{"@context":"https:\/\/schema.org","@graph":[{"@type":"WebPage","@id":"https:\/\/seabornnetworks.com\/homolog\/sobre\/gerencia-senior\/lin-gentemann\/?lang=pt-br","url":"https:\/\/seabornnetworks.com\/homolog\/sobre\/gerencia-senior\/lin-gentemann\/?lang=pt-br","name":"Lin Gentemann - Seaborn Networks","isPartOf":{"@id":"https:\/\/seabornnetworks.com\/homolog\/#website"},"primaryImageOfPage":{"@id":"https:\/\/seabornnetworks.com\/homolog\/sobre\/gerencia-senior\/lin-gentemann\/?lang=pt-br#primaryimage"},"image":{"@id":"https:\/\/seabornnetworks.com\/homolog\/sobre\/gerencia-senior\/lin-gentemann\/?lang=pt-br#primaryimage"},"thumbnailUrl":"https:\/\/seabornnetworks.com\/homolog\/wp-content\/uploads\/2021\/02\/linn-gentemann.jpg","datePublished":"2021-02-07T21:54:33+00:00","dateModified":"2025-03-21T18:00:53+00:00","breadcrumb":{"@id":"https:\/\/seabornnetworks.com\/homolog\/sobre\/gerencia-senior\/lin-gentemann\/?lang=pt-br#breadcrumb"},"inLanguage":"en-US","potentialAction":[{"@type":"ReadAction","target":["https:\/\/seabornnetworks.com\/homolog\/sobre\/gerencia-senior\/lin-gentemann\/?lang=pt-br"]}]},{"@type":"ImageObject","inLanguage":"en-US","@id":"https:\/\/seabornnetworks.com\/homolog\/sobre\/gerencia-senior\/lin-gentemann\/?lang=pt-br#primaryimage","url":"https:\/\/seabornnetworks.com\/homolog\/wp-content\/uploads\/2021\/02\/linn-gentemann.jpg","contentUrl":"https:\/\/seabornnetworks.com\/homolog\/wp-content\/uploads\/2021\/02\/linn-gentemann.jpg","width":500,"height":500},{"@type":"BreadcrumbList","@id":"https:\/\/seabornnetworks.com\/homolog\/sobre\/gerencia-senior\/lin-gentemann\/?lang=pt-br#breadcrumb","itemListElement":[{"@type":"ListItem","position":1,"name":"Home","item":"https:\/\/seabornnetworks.com\/homolog\/"},{"@type":"ListItem","position":2,"name":"Sobre a Seaborn Networks","item":"https:\/\/seabornnetworks.com\/homolog\/sobre\/?lang=pt-br"},{"@type":"ListItem","position":3,"name":"Ger\u00eancia S\u00eanior","item":"https:\/\/seabornnetworks.com\/homolog\/sobre\/gerencia-senior\/?lang=pt-br"},{"@type":"ListItem","position":4,"name":"Lin Gentemann"}]},{"@type":"WebSite","@id":"https:\/\/seabornnetworks.com\/homolog\/#website","url":"https:\/\/seabornnetworks.com\/homolog\/","name":"Seaborn Networks","description":"Seaborn Networks is transforming global communications as the leading independent developer-owner-operator of submarine fiber optic cable systems","potentialAction":[{"@type":"SearchAction","target":{"@type":"EntryPoint","urlTemplate":"https:\/\/seabornnetworks.com\/homolog\/?s={search_term_string}"},"query-input":{"@type":"PropertyValueSpecification","valueRequired":true,"valueName":"search_term_string"}}],"inLanguage":"en-US"}]}},"_links":{"self":[{"href":"https:\/\/seabornnetworks.com\/homolog\/wp-json\/wp\/v2\/pages\/4003","targetHints":{"allow":["GET"]}}],"collection":[{"href":"https:\/\/seabornnetworks.com\/homolog\/wp-json\/wp\/v2\/pages"}],"about":[{"href":"https:\/\/seabornnetworks.com\/homolog\/wp-json\/wp\/v2\/types\/page"}],"author":[{"embeddable":true,"href":"https:\/\/seabornnetworks.com\/homolog\/wp-json\/wp\/v2\/users\/2"}],"replies":[{"embeddable":true,"href":"https:\/\/seabornnetworks.com\/homolog\/wp-json\/wp\/v2\/comments?post=4003"}],"version-history":[{"count":3,"href":"https:\/\/seabornnetworks.com\/homolog\/wp-json\/wp\/v2\/pages\/4003\/revisions"}],"predecessor-version":[{"id":5276,"href":"https:\/\/seabornnetworks.com\/homolog\/wp-json\/wp\/v2\/pages\/4003\/revisions\/5276"}],"up":[{"embeddable":true,"href":"https:\/\/seabornnetworks.com\/homolog\/wp-json\/wp\/v2\/pages\/2593"}],"wp:featuredmedia":[{"embeddable":true,"href":"https:\/\/seabornnetworks.com\/homolog\/wp-json\/wp\/v2\/media\/4000"}],"wp:attachment":[{"href":"https:\/\/seabornnetworks.com\/homolog\/wp-json\/wp\/v2\/media?parent=4003"}],"curies":[{"name":"wp","href":"https:\/\/api.w.org\/{rel}","templated":true}]}}