{"id":4495,"date":"2021-11-16T10:47:52","date_gmt":"2021-11-16T10:47:52","guid":{"rendered":"http:\/\/human-studio.synology.me:81\/produtos-e-servicos\/cdn-proprietarios-de-conteudo\/"},"modified":"2025-04-21T15:56:20","modified_gmt":"2025-04-21T14:56:20","slug":"cdn-proprietarios-de-conteudo","status":"publish","type":"page","link":"https:\/\/seabornnetworks.com\/homolog\/produtos\/cdn-proprietarios-de-conteudo\/?lang=pt-br","title":{"rendered":"CDN\/Propriet\u00e1rios de conte\u00fado"},"content":{"rendered":"<p>Isto n\u00e3o se aplica apenas \u00e0s redes de telecomunica\u00e7\u00f5es que constru\u00edmos e operamos. Quando falamos de entregar conte\u00fado em toda uma regi\u00e3o, os desafios n\u00e3o s\u00e3o apenas geogr\u00e1ficos. Tudo, desde operar em um novo pa\u00eds, importa\u00e7\u00e3o e montagem de hardware, estabelecer todas as conex\u00f5es de rede locais corretas e garantir que tudo em ordem e funcionando, se torna ainda mais desafiador se voc\u00ea quer expandir rapidamente sem os \u00f4nus log\u00edsticos e \u00e0s vezes financeiros que o sucesso pode trazer.<\/p>\n<p>\u00c9 a\u00ed que podemos ajudar. Voc\u00ea se concentra em seu conte\u00fado e n\u00f3s asseguramos que a infraestrutura e a conectividade sejam implantadas para que ele chegue \u00e0 rede de acesso que voc\u00ea precisa.<\/p>\n<p>Esse suporte vai desde garantir que voc\u00ea tem a conectividade IP correta da regi\u00e3o para atingir as redes de acesso a fornecer uma implanta\u00e7\u00e3o completa e opera\u00e7\u00e3o f\u00edsica de sua plataforma nos principais data centers com as conex\u00f5es de tr\u00e2nsito e de peering instaladas para apoi\u00e1-lo. Oferecemos tamb\u00e9m solu\u00e7\u00f5es financeiras que v\u00e3o de infraestrutura como servi\u00e7os (Infrastructure as a Service, IAAS) a modelos de compartilhamento de receita nos quais voc\u00ea se concentra apenas em seu conte\u00fado. Vamos financiar e entregar sua plataforma e toda a conectividade em troca de uma participa\u00e7\u00e3o contratada nas receitas que voc\u00ea gera.<\/p>\n<p>N\u00e3o deixe que o fato de n\u00e3o conhecer um novo pa\u00eds ou regi\u00e3o atrapalhe o seu potencial de crescimento. Diga-nos como podemos ajudar em seu sucesso nas Am\u00e9ricas e al\u00e9m.<\/p>\n","protected":false},"excerpt":{"rendered":"<p>Isto n\u00e3o se aplica apenas \u00e0s redes de telecomunica\u00e7\u00f5es que constru\u00edmos e operamos. Quando falamos de entregar conte\u00fado em toda uma regi\u00e3o, os desafios n\u00e3o s\u00e3o apenas geogr\u00e1ficos. Tudo, desde operar em um novo pa\u00eds, importa\u00e7\u00e3o e montagem de hardware, estabelecer todas as conex\u00f5es de rede locais corretas e garantir que tudo em ordem e [&hellip;]<\/p>\n","protected":false},"author":2,"featured_media":4395,"parent":2087,"menu_order":8,"comment_status":"closed","ping_status":"closed","template":"","meta":{"_acf_changed":false,"footnotes":""},"class_list":["post-4495","page","type-page","status-publish","has-post-thumbnail","hentry"],"acf":[],"yoast_head":"<!-- This site is optimized with the Yoast SEO plugin v27.4 - https:\/\/yoast.com\/product\/yoast-seo-wordpress\/ -->\n<title>CDN\/Propriet\u00e1rios de conte\u00fado - Seaborn Networks<\/title>\n<meta name=\"robots\" content=\"index, follow, max-snippet:-1, max-image-preview:large, max-video-preview:-1\" \/>\n<link rel=\"canonical\" href=\"https:\/\/seabornnetworks.com\/homolog\/produtos\/cdn-proprietarios-de-conteudo\/?lang=pt-br\" \/>\n<meta property=\"og:locale\" content=\"en_US\" \/>\n<meta property=\"og:type\" content=\"article\" \/>\n<meta property=\"og:title\" content=\"CDN\/Propriet\u00e1rios de conte\u00fado - Seaborn Networks\" \/>\n<meta property=\"og:description\" content=\"Isto n\u00e3o se aplica apenas \u00e0s redes de telecomunica\u00e7\u00f5es que constru\u00edmos e operamos. Quando falamos de entregar conte\u00fado em toda uma regi\u00e3o, os desafios n\u00e3o s\u00e3o apenas geogr\u00e1ficos. Tudo, desde operar em um novo pa\u00eds, importa\u00e7\u00e3o e montagem de hardware, estabelecer todas as conex\u00f5es de rede locais corretas e garantir que tudo em ordem e [&hellip;]\" \/>\n<meta property=\"og:url\" content=\"https:\/\/seabornnetworks.com\/homolog\/produtos\/cdn-proprietarios-de-conteudo\/?lang=pt-br\" \/>\n<meta property=\"og:site_name\" content=\"Seaborn Networks\" \/>\n<meta property=\"article:publisher\" content=\"https:\/\/www.facebook.com\/seabornnetworks\" \/>\n<meta property=\"article:modified_time\" content=\"2025-04-21T14:56:20+00:00\" \/>\n<meta property=\"og:image\" content=\"https:\/\/seabornnetworks.com\/homolog\/wp-content\/uploads\/2022\/01\/live-video-streaming-a-global-perspective-2.jpg\" \/>\n\t<meta property=\"og:image:width\" content=\"2309\" \/>\n\t<meta property=\"og:image:height\" content=\"1299\" \/>\n\t<meta property=\"og:image:type\" content=\"image\/jpeg\" \/>\n<meta name=\"twitter:card\" content=\"summary_large_image\" \/>\n<meta name=\"twitter:site\" content=\"@seabornnetworks\" \/>\n<meta name=\"twitter:label1\" content=\"Est. reading time\" \/>\n\t<meta name=\"twitter:data1\" content=\"2 minutes\" \/>\n<script type=\"application\/ld+json\" class=\"yoast-schema-graph\">{\"@context\":\"https:\\\/\\\/schema.org\",\"@graph\":[{\"@type\":\"WebPage\",\"@id\":\"https:\\\/\\\/seabornnetworks.com\\\/homolog\\\/produtos\\\/cdn-proprietarios-de-conteudo\\\/?lang=pt-br\",\"url\":\"https:\\\/\\\/seabornnetworks.com\\\/homolog\\\/produtos\\\/cdn-proprietarios-de-conteudo\\\/?lang=pt-br\",\"name\":\"CDN\\\/Propriet\u00e1rios de conte\u00fado - Seaborn Networks\",\"isPartOf\":{\"@id\":\"https:\\\/\\\/seabornnetworks.com\\\/homolog\\\/#website\"},\"primaryImageOfPage\":{\"@id\":\"https:\\\/\\\/seabornnetworks.com\\\/homolog\\\/produtos\\\/cdn-proprietarios-de-conteudo\\\/?lang=pt-br#primaryimage\"},\"image\":{\"@id\":\"https:\\\/\\\/seabornnetworks.com\\\/homolog\\\/produtos\\\/cdn-proprietarios-de-conteudo\\\/?lang=pt-br#primaryimage\"},\"thumbnailUrl\":\"https:\\\/\\\/seabornnetworks.com\\\/homolog\\\/wp-content\\\/uploads\\\/2022\\\/01\\\/live-video-streaming-a-global-perspective-2.jpg\",\"datePublished\":\"2021-11-16T10:47:52+00:00\",\"dateModified\":\"2025-04-21T14:56:20+00:00\",\"breadcrumb\":{\"@id\":\"https:\\\/\\\/seabornnetworks.com\\\/homolog\\\/produtos\\\/cdn-proprietarios-de-conteudo\\\/?lang=pt-br#breadcrumb\"},\"inLanguage\":\"en-US\",\"potentialAction\":[{\"@type\":\"ReadAction\",\"target\":[\"https:\\\/\\\/seabornnetworks.com\\\/homolog\\\/produtos\\\/cdn-proprietarios-de-conteudo\\\/?lang=pt-br\"]}]},{\"@type\":\"ImageObject\",\"inLanguage\":\"en-US\",\"@id\":\"https:\\\/\\\/seabornnetworks.com\\\/homolog\\\/produtos\\\/cdn-proprietarios-de-conteudo\\\/?lang=pt-br#primaryimage\",\"url\":\"https:\\\/\\\/seabornnetworks.com\\\/homolog\\\/wp-content\\\/uploads\\\/2022\\\/01\\\/live-video-streaming-a-global-perspective-2.jpg\",\"contentUrl\":\"https:\\\/\\\/seabornnetworks.com\\\/homolog\\\/wp-content\\\/uploads\\\/2022\\\/01\\\/live-video-streaming-a-global-perspective-2.jpg\",\"width\":2309,\"height\":1299,\"caption\":\"Video wall with small screens digital concept\"},{\"@type\":\"BreadcrumbList\",\"@id\":\"https:\\\/\\\/seabornnetworks.com\\\/homolog\\\/produtos\\\/cdn-proprietarios-de-conteudo\\\/?lang=pt-br#breadcrumb\",\"itemListElement\":[{\"@type\":\"ListItem\",\"position\":1,\"name\":\"Home\",\"item\":\"https:\\\/\\\/seabornnetworks.com\\\/homolog\\\/\"},{\"@type\":\"ListItem\",\"position\":2,\"name\":\"Produtos da Seaborn Networks\",\"item\":\"https:\\\/\\\/seabornnetworks.com\\\/homolog\\\/produtos\\\/?lang=pt-br\"},{\"@type\":\"ListItem\",\"position\":3,\"name\":\"CDN\\\/Propriet\u00e1rios de conte\u00fado\"}]},{\"@type\":\"WebSite\",\"@id\":\"https:\\\/\\\/seabornnetworks.com\\\/homolog\\\/#website\",\"url\":\"https:\\\/\\\/seabornnetworks.com\\\/homolog\\\/\",\"name\":\"Seaborn Networks\",\"description\":\"Seaborn Networks is transforming global communications as the leading independent developer-owner-operator of submarine fiber optic cable systems\",\"potentialAction\":[{\"@type\":\"SearchAction\",\"target\":{\"@type\":\"EntryPoint\",\"urlTemplate\":\"https:\\\/\\\/seabornnetworks.com\\\/homolog\\\/?s={search_term_string}\"},\"query-input\":{\"@type\":\"PropertyValueSpecification\",\"valueRequired\":true,\"valueName\":\"search_term_string\"}}],\"inLanguage\":\"en-US\"}]}<\/script>\n<!-- \/ Yoast SEO plugin. -->","yoast_head_json":{"title":"CDN\/Propriet\u00e1rios de conte\u00fado - Seaborn Networks","robots":{"index":"index","follow":"follow","max-snippet":"max-snippet:-1","max-image-preview":"max-image-preview:large","max-video-preview":"max-video-preview:-1"},"canonical":"https:\/\/seabornnetworks.com\/homolog\/produtos\/cdn-proprietarios-de-conteudo\/?lang=pt-br","og_locale":"en_US","og_type":"article","og_title":"CDN\/Propriet\u00e1rios de conte\u00fado - Seaborn Networks","og_description":"Isto n\u00e3o se aplica apenas \u00e0s redes de telecomunica\u00e7\u00f5es que constru\u00edmos e operamos. Quando falamos de entregar conte\u00fado em toda uma regi\u00e3o, os desafios n\u00e3o s\u00e3o apenas geogr\u00e1ficos. Tudo, desde operar em um novo pa\u00eds, importa\u00e7\u00e3o e montagem de hardware, estabelecer todas as conex\u00f5es de rede locais corretas e garantir que tudo em ordem e [&hellip;]","og_url":"https:\/\/seabornnetworks.com\/homolog\/produtos\/cdn-proprietarios-de-conteudo\/?lang=pt-br","og_site_name":"Seaborn Networks","article_publisher":"https:\/\/www.facebook.com\/seabornnetworks","article_modified_time":"2025-04-21T14:56:20+00:00","og_image":[{"width":2309,"height":1299,"url":"https:\/\/seabornnetworks.com\/homolog\/wp-content\/uploads\/2022\/01\/live-video-streaming-a-global-perspective-2.jpg","type":"image\/jpeg"}],"twitter_card":"summary_large_image","twitter_site":"@seabornnetworks","twitter_misc":{"Est. reading time":"2 minutes"},"schema":{"@context":"https:\/\/schema.org","@graph":[{"@type":"WebPage","@id":"https:\/\/seabornnetworks.com\/homolog\/produtos\/cdn-proprietarios-de-conteudo\/?lang=pt-br","url":"https:\/\/seabornnetworks.com\/homolog\/produtos\/cdn-proprietarios-de-conteudo\/?lang=pt-br","name":"CDN\/Propriet\u00e1rios de conte\u00fado - Seaborn Networks","isPartOf":{"@id":"https:\/\/seabornnetworks.com\/homolog\/#website"},"primaryImageOfPage":{"@id":"https:\/\/seabornnetworks.com\/homolog\/produtos\/cdn-proprietarios-de-conteudo\/?lang=pt-br#primaryimage"},"image":{"@id":"https:\/\/seabornnetworks.com\/homolog\/produtos\/cdn-proprietarios-de-conteudo\/?lang=pt-br#primaryimage"},"thumbnailUrl":"https:\/\/seabornnetworks.com\/homolog\/wp-content\/uploads\/2022\/01\/live-video-streaming-a-global-perspective-2.jpg","datePublished":"2021-11-16T10:47:52+00:00","dateModified":"2025-04-21T14:56:20+00:00","breadcrumb":{"@id":"https:\/\/seabornnetworks.com\/homolog\/produtos\/cdn-proprietarios-de-conteudo\/?lang=pt-br#breadcrumb"},"inLanguage":"en-US","potentialAction":[{"@type":"ReadAction","target":["https:\/\/seabornnetworks.com\/homolog\/produtos\/cdn-proprietarios-de-conteudo\/?lang=pt-br"]}]},{"@type":"ImageObject","inLanguage":"en-US","@id":"https:\/\/seabornnetworks.com\/homolog\/produtos\/cdn-proprietarios-de-conteudo\/?lang=pt-br#primaryimage","url":"https:\/\/seabornnetworks.com\/homolog\/wp-content\/uploads\/2022\/01\/live-video-streaming-a-global-perspective-2.jpg","contentUrl":"https:\/\/seabornnetworks.com\/homolog\/wp-content\/uploads\/2022\/01\/live-video-streaming-a-global-perspective-2.jpg","width":2309,"height":1299,"caption":"Video wall with small screens digital concept"},{"@type":"BreadcrumbList","@id":"https:\/\/seabornnetworks.com\/homolog\/produtos\/cdn-proprietarios-de-conteudo\/?lang=pt-br#breadcrumb","itemListElement":[{"@type":"ListItem","position":1,"name":"Home","item":"https:\/\/seabornnetworks.com\/homolog\/"},{"@type":"ListItem","position":2,"name":"Produtos da Seaborn Networks","item":"https:\/\/seabornnetworks.com\/homolog\/produtos\/?lang=pt-br"},{"@type":"ListItem","position":3,"name":"CDN\/Propriet\u00e1rios de conte\u00fado"}]},{"@type":"WebSite","@id":"https:\/\/seabornnetworks.com\/homolog\/#website","url":"https:\/\/seabornnetworks.com\/homolog\/","name":"Seaborn Networks","description":"Seaborn Networks is transforming global communications as the leading independent developer-owner-operator of submarine fiber optic cable systems","potentialAction":[{"@type":"SearchAction","target":{"@type":"EntryPoint","urlTemplate":"https:\/\/seabornnetworks.com\/homolog\/?s={search_term_string}"},"query-input":{"@type":"PropertyValueSpecification","valueRequired":true,"valueName":"search_term_string"}}],"inLanguage":"en-US"}]}},"_links":{"self":[{"href":"https:\/\/seabornnetworks.com\/homolog\/wp-json\/wp\/v2\/pages\/4495","targetHints":{"allow":["GET"]}}],"collection":[{"href":"https:\/\/seabornnetworks.com\/homolog\/wp-json\/wp\/v2\/pages"}],"about":[{"href":"https:\/\/seabornnetworks.com\/homolog\/wp-json\/wp\/v2\/types\/page"}],"author":[{"embeddable":true,"href":"https:\/\/seabornnetworks.com\/homolog\/wp-json\/wp\/v2\/users\/2"}],"replies":[{"embeddable":true,"href":"https:\/\/seabornnetworks.com\/homolog\/wp-json\/wp\/v2\/comments?post=4495"}],"version-history":[{"count":2,"href":"https:\/\/seabornnetworks.com\/homolog\/wp-json\/wp\/v2\/pages\/4495\/revisions"}],"predecessor-version":[{"id":5388,"href":"https:\/\/seabornnetworks.com\/homolog\/wp-json\/wp\/v2\/pages\/4495\/revisions\/5388"}],"up":[{"embeddable":true,"href":"https:\/\/seabornnetworks.com\/homolog\/wp-json\/wp\/v2\/pages\/2087"}],"wp:featuredmedia":[{"embeddable":true,"href":"https:\/\/seabornnetworks.com\/homolog\/wp-json\/wp\/v2\/media\/4395"}],"wp:attachment":[{"href":"https:\/\/seabornnetworks.com\/homolog\/wp-json\/wp\/v2\/media?parent=4495"}],"curies":[{"name":"wp","href":"https:\/\/api.w.org\/{rel}","templated":true}]}}