{"id":4992,"date":"2023-11-29T14:52:55","date_gmt":"2023-11-29T14:52:55","guid":{"rendered":"https:\/\/seabornnetworks.com\/homolog\/?page_id=4992"},"modified":"2023-12-12T10:33:13","modified_gmt":"2023-12-12T10:33:13","slug":"codigo-de-conduta-do-fornecedor","status":"publish","type":"page","link":"https:\/\/seabornnetworks.com\/homolog\/conformidade\/codigo-de-conduta-do-fornecedor\/?lang=pt-br","title":{"rendered":"C\u00f3digo de Conduta do Fornecedor"},"content":{"rendered":"<p><b><i>Sobre esse C\u00f3digo de Conduta do Fornecedor<\/i><\/b><\/p>\n<p>Seabras Group LLC e cada uma de suas subsidi\u00e1rias (coletivamente, \u201cSeaborn\u201d ou \u201cEmpresa\u201d) estabeleceram este C\u00f3digo de Conduta do Fornecedor (\u201cC\u00f3digo do Fornecedor\u201d) para fornecer aos seus agentes, consultores, contratados, fornecedores, vendedores e outros parceiros de neg\u00f3cios (coletivamente, \u201cFornecedores\u201d) com quem fazemos neg\u00f3cios, nossas expectativas sobre como os Fornecedores devem conduzir seus neg\u00f3cios para garantir os mais altos padr\u00f5es de integridade e conformidade com a lei e seguir os princ\u00edpios estabelecidos neste C\u00f3digo do Fornecedor.<\/p>\n<p>Este C\u00f3digo do Fornecedor cont\u00e9m requisitos gerais aplic\u00e1veis a todos os Fornecedores da Seaborn. Os acordos individuais com fornecedores podem ter disposi\u00e7\u00f5es mais espec\u00edficas abordando algumas das mesmas quest\u00f5es abordadas neste C\u00f3digo do Fornecedor. Nada neste C\u00f3digo do Fornecedor substituir\u00e1 qualquer disposi\u00e7\u00e3o mais espec\u00edfica de um contrato espec\u00edfico e, se houver qualquer conflito entre os dois, o respectivo contrato prevalecer\u00e1, a menos que a lei aplic\u00e1vel exija o contr\u00e1rio.<\/p>\n<p>Este C\u00f3digo do Fornecedor deve ser lido em conjunto com o C\u00f3digo de Conduta e \u00c9tica Corporativa da Seaborn, que pode ser encontrado em <a href=\"https:\/\/seabornnetworks.com\/homolog\/compliance\/code-of-business-conduct-and-ethics\/\">https:\/\/seabornnetworks.com\/homolog\/compliance\/code-of-business-conduct-and-ethics\/<\/a> e a Pol\u00edtica de Direitos Humanos, que tamb\u00e9m pode ser encontrada em <a href=\"https:\/\/seabornnetworks.com\/homolog\/compliance\/human-rights-policy\/\">https:\/\/seabornnetworks.com\/homolog\/compliance\/human-rights-policy\/<\/a>. Os fornecedores s\u00e3o respons\u00e1veis por garantir que este C\u00f3digo do Fornecedor seja comunicado e compreendido por seus funcion\u00e1rios, agentes, subcontratados e representantes que fazem neg\u00f3cios com ou em nome da Seaborn.<\/p>\n<p><b>Valores Unificadores Fundamentais<\/b><\/p>\n<p>A Seaborn depende de sua reputa\u00e7\u00e3o de qualidade, servi\u00e7o e integridade. A Empresa est\u00e1 comprometida com os mais altos padr\u00f5es de \u00e9tica e conduta empresarial em todos os seus relacionamentos, seja com funcion\u00e1rios, diretores, acionistas, clientes, associados, fornecedores, concorrentes ou com as comunidades em que opera e o ambiente que compartilha.<\/p>\n<p>A Seaborn seleciona seus fornecedores com base n\u00e3o apenas na qualidade e no custo de seus servi\u00e7os, mas tamb\u00e9m em seu compromisso com altos padr\u00f5es de integridade e conduta comercial \u00e9tica. Esperamos plenamente que aqueles que trabalham em nome da Empresa, incluindo Fornecedores, cumpram os padr\u00f5es \u00e9ticos da Seaborn.<\/p>\n<ol>\n<li><b> Direitos Humanos e Pr\u00e1ticas Justas de Emprego<\/b><\/li>\n<\/ol>\n<p>A prote\u00e7\u00e3o dos direitos humanos \u00e9 um valor fundamental da Seaborn e fundamental para o bom funcionamento do nosso neg\u00f3cio e esperamos que os nossos Fornecedores partilhem o nosso compromisso, cumprindo a nossa Pol\u00edtica de Direitos Humanos, que pode ser encontrada em <a href=\"https:\/\/seabornnetworks.com\/homolog\/compliance\/human-rights-policy\/\">https:\/\/seabornnetworks.com\/homolog\/compliance\/human-rights-policy\/<\/a>. A Seaborn exige que seus Fornecedores cumpram as leis e regulamentos aplic\u00e1veis relativos \u00e0 n\u00e3o discrimina\u00e7\u00e3o e ao tratamento justo em suas pr\u00e1ticas trabalhistas. Esperamos que os nossos Fornecedores partilhem os nossos valores de respeito e promo\u00e7\u00e3o de uma cultura de trabalho diversificada e inclusiva, onde cada colaborador seja respeitado, valorizado e tratado de forma justa.<\/p>\n<p><b>1.1 Ambiente de Trabalho Seguro e Saud\u00e1vel<\/b><\/p>\n<p>Os Fornecedores devem fornecer um ambiente de trabalho seguro e saud\u00e1vel para minimizar o risco de acidentes e les\u00f5es. Os Fornecedores devem exigir que seus funcion\u00e1rios, agentes, fornecedores e subcontratados cumpram todas as leis e regulamentos aplic\u00e1veis de sa\u00fade e seguran\u00e7a.<\/p>\n<p><b>1.2 N\u00e3o Discrimina\u00e7\u00e3o e Antiass\u00e9dio<\/b><\/p>\n<p>A Seaborn exige que os Fornecedores cumpram todas as leis aplic\u00e1veis relativas \u00e0 discrimina\u00e7\u00e3o em suas pr\u00e1ticas de contrata\u00e7\u00e3o e emprego. A Empresa espera que os Fornecedores proporcionem um local de trabalho respeitoso e profissional, livre de atos ou amea\u00e7as de viol\u00eancia, ass\u00e9dio ou discrimina\u00e7\u00e3o. Os Fornecedores devem garantir igualdade de oportunidades e tratamento dos funcion\u00e1rios, independentemente de ra\u00e7a, credo religioso (incluindo vestimentas religiosas e pr\u00e1ticas de higiene), cor, origem nacional, ascend\u00eancia, defici\u00eancia f\u00edsica, defici\u00eancia mental, condi\u00e7\u00e3o m\u00e9dica, informa\u00e7\u00f5es gen\u00e9ticas, estado civil, sexo (incluindo gravidez), g\u00eanero, identidade de g\u00eanero (incluindo identifica\u00e7\u00e3o de transg\u00eanero), express\u00e3o de g\u00eanero, idade, orienta\u00e7\u00e3o sexual, status de militar e veterano de qualquer pessoa, ou qualquer outra discrimina\u00e7\u00e3o considerada ilegal pela lei aplic\u00e1vel. Os Fornecedores tamb\u00e9m devem proibir tratamentos inaceit\u00e1veis de indiv\u00edduos, incluindo ass\u00e9dio sexual ou intimida\u00e7\u00e3o.<\/p>\n<p><b>1.3 Sal\u00e1rios, Benef\u00edcios e Jornada de Trabalho<\/b><\/p>\n<p>Os Fornecedores devem pagar aos seus funcion\u00e1rios sal\u00e1rios justos e cumprir as leis salariais e de benef\u00edcios aplic\u00e1veis, incluindo leis de sal\u00e1rio-m\u00ednimo, benef\u00edcios legalmente obrigat\u00f3rios e leis relacionadas ao hor\u00e1rio de trabalho.<\/p>\n<p><b>1.4 Escravid\u00e3o, Trabalho For\u00e7ado e Tr\u00e1fico de Seres Humanos<\/b><\/p>\n<p>Os Fornecedores n\u00e3o devem permitir qualquer forma de trabalho for\u00e7ado ou involunt\u00e1rio de qualquer tipo em qualquer local em que operem. O Fornecedor deve proibir o uso de todas as formas de trabalho for\u00e7ado e n\u00e3o deve utilizar quaisquer fornecedores, subcontratados ou parceiros de neg\u00f3cios que se envolvam em trabalho for\u00e7ado, seja direta ou indiretamente. A Empresa exige que seus Fornecedores cumpram todas as leis e conven\u00e7\u00f5es legais aplic\u00e1veis relacionadas a trabalho escravo, trabalho for\u00e7ado e tr\u00e1fico de pessoas.<\/p>\n<p><b>1.5 Trabalho Infantil<\/b><\/p>\n<p>Os Fornecedores n\u00e3o devem empregar trabalho infantil e devem tomar as medidas necess\u00e1rias para garantir que seus Fornecedores, parceiros de neg\u00f3cios e subcontratados n\u00e3o utilizem trabalho infantil. Os Fornecedores devem cumprir todas as leis e regulamentos aplic\u00e1veis e existentes em rela\u00e7\u00e3o ao trabalho infantil.<\/p>\n<p><b>1.6 Liberdade de Associa\u00e7\u00e3o<\/b><\/p>\n<p>A Seaborn respeita os direitos legais dos trabalhadores, incluindo os direitos \u00e0 liberdade de associa\u00e7\u00e3o e de participa\u00e7\u00e3o em negocia\u00e7\u00f5es coletivas. Os fornecedores devem reconhecer os direitos dos funcion\u00e1rios de aderir a sindicatos e de negociar coletivamente de acordo com as leis aplic\u00e1veis e n\u00e3o prejudicar nem preferir membros de organiza\u00e7\u00f5es de funcion\u00e1rios ou associa\u00e7\u00f5es comerciais.<\/p>\n<ol start=\"2\">\n<li><b> Pr\u00e1ticas comerciais \u00e9ticas<\/b><\/li>\n<\/ol>\n<p>A Seaborn est\u00e1 comprometida em operar seus neg\u00f3cios de acordo com os mais altos padr\u00f5es \u00e9ticos e em conformidade com todas as leis, regras e regulamentos aplic\u00e1veis. A Empresa espera que os Fornecedores cumpram o C\u00f3digo de Conduta e \u00c9tica Corporativa da Empresa para garantir que seus funcion\u00e1rios, parceiros de neg\u00f3cios, fornecedores, agentes e subcontratados entendam e cumpram esses padr\u00f5es, conforme aplic\u00e1vel.<\/p>\n<p><b>2.1 Leis Anticorrup\u00e7\u00e3o<\/b><\/p>\n<p>Os Fornecedores devem cumprir a Lei de Pr\u00e1ticas de Corrup\u00e7\u00e3o no Exterior dos EUA, a Lei Anticorrup\u00e7\u00e3o do Brasil (n\u00ba 12.846\/2013), conforme alterada e o Decreto n\u00ba 8.420\/15, a Lei Anticorrup\u00e7\u00e3o do Reino Unido e todas as leis anticorrup\u00e7\u00e3o aplic\u00e1veis. As leis anticorrup\u00e7\u00e3o pro\u00edbem, entre outras coisas, o suborno de funcion\u00e1rios ou agentes governamentais, diretamente ou atrav\u00e9s de intermedi\u00e1rios, para qualquer finalidade comercial. Os Fornecedores devem aderir escrupulosamente a estas leis e n\u00e3o se envolver direta ou indiretamente em qualquer forma de corrup\u00e7\u00e3o ou suborno e nunca devem dar, conceder, oferecer ou prometer nada de valor a qualquer funcion\u00e1rio ou agente governamental ou a uma contraparte no setor privado para influenciar qualquer a\u00e7\u00e3o ou obter uma vantagem indevida.<\/p>\n<p><b>2.2 Leis Antitruste e de Concorr\u00eancia Leal; Pr\u00e1ticas comerciais injustas<\/b><\/p>\n<p>O Fornecedor deve respeitar e cumprir todas as leis antitruste e de concorr\u00eancia leal aplic\u00e1veis. Os Fornecedores devem garantir que nunca se envolvem em qualquer atividade que possa restringir o com\u00e9rcio ou reduzir a concorr\u00eancia. Os Fornecedores n\u00e3o devem tirar vantagem injusta de terceiros por meio de manipula\u00e7\u00e3o, oculta\u00e7\u00e3o, abuso de informa\u00e7\u00f5es privilegiadas, deturpa\u00e7\u00e3o de fatos relevantes ou qualquer outra pr\u00e1tica comercial injusta.<\/p>\n<p><b>2.3 Controle de Exporta\u00e7\u00e3o e San\u00e7\u00f5es<\/b><\/p>\n<p>O Fornecedor deve cumprir todas as san\u00e7\u00f5es e embargos comerciais aplic\u00e1veis. Os Fornecedores n\u00e3o devem se envolver em quaisquer transa\u00e7\u00f5es, incluindo o fornecimento de bens ou servi\u00e7os, ou a aquisi\u00e7\u00e3o de bens ou servi\u00e7os de quaisquer indiv\u00edduos contra os quais, ou entidades ou jurisdi\u00e7\u00f5es contra as quais o governo dos Estados Unidos tenha imposto san\u00e7\u00f5es.<\/p>\n<p><b>2.4 Privacidade e Prote\u00e7\u00e3o de Dados<\/b><\/p>\n<p>O Fornecedor deve cumprir todas as leis e regulamentos aplic\u00e1veis de privacidade, prote\u00e7\u00e3o de dados e seguran\u00e7a da informa\u00e7\u00e3o. O Fornecedor deve fornecer prote\u00e7\u00f5es razo\u00e1veis para informa\u00e7\u00f5es pessoais, propriet\u00e1rias e confidenciais.<\/p>\n<p><b>2.5 Presentes e Entretenimento<\/b><\/p>\n<p>O C\u00f3digo de Conduta e \u00c9tica Corporativa da Seaborn exige a lealdade total de seus funcion\u00e1rios aos interesses da Empresa. Os Fornecedores n\u00e3o devem, direta ou indiretamente, oferecer a qualquer funcion\u00e1rio da Seaborn dinheiro, bens ou servi\u00e7os como contrapartida ou expectativa de um resultado favor\u00e1vel, decis\u00e3o, recomenda\u00e7\u00e3o ou qualquer outra forma de favoritismo que crie um conflito de interesses ou seja qualificado como corrup\u00e7\u00e3o. Presentes e entretenimento devem ser apropriados, legais e alinhados com o C\u00f3digo de Conduta e \u00c9tica Corporativa da Seaborn.<\/p>\n<ol start=\"3\">\n<li><b> Meio Ambiente e Sustentabilidade<\/b><\/li>\n<\/ol>\n<p>A Seaborn est\u00e1 comprometida com princ\u00edpios de conformidade ambiental e sustentabilidade e incentiva os Fornecedores a refletirem o mesmo compromisso em suas opera\u00e7\u00f5es, aderindo \u00e0s melhores e respons\u00e1veis pr\u00e1ticas ambientais. Os Fornecedores devem cumprir as leis e regulamentos ambientais aplic\u00e1veis. Os Fornecedores s\u00e3o incentivados a monitorizar a utiliza\u00e7\u00e3o de energia, a esfor\u00e7ar-se por reduzir as emiss\u00f5es de gases de efeito estufa e a promover a utiliza\u00e7\u00e3o de energias renov\u00e1veis.<\/p>\n<ol start=\"4\">\n<li><b> Relatando Viola\u00e7\u00f5es do C\u00f3digo do Fornecedor<\/b><\/li>\n<\/ol>\n<p>Os Fornecedores s\u00e3o incentivados a denunciar viola\u00e7\u00f5es potenciais ou reais deste C\u00f3digo do Fornecedor e qualquer outra preocupa\u00e7\u00e3o legal ou \u00e9tica. Para denunciar uma viola\u00e7\u00e3o envolvendo a Seaborn, entre em contato imediatamente com a Diretora Jur\u00eddica ou o Diretor Financeiro (CFO), ou envie um e-mail para <a href=\"mailto:Compliance@seabornnetworks.com\">Compliance@seabornnetworks.com<\/a>.<\/p>\n<p><b><i>A Seaborn n\u00e3o tolera qualquer a\u00e7\u00e3o retaliat\u00f3ria contra qualquer pessoa que fa\u00e7a um relato de boa-f\u00e9 sobre uma viola\u00e7\u00e3o deste C\u00f3digo do Fornecedor (A retalia\u00e7\u00e3o \u00e9 amplamente definida como incluindo conduta que intimida, coage, penaliza ou de outra forma discrimina uma pessoa porque esta fez ou tentou fazer uma queixa ou participou na investiga\u00e7\u00e3o de uma queixa).<\/i><\/b><\/p>\n","protected":false},"excerpt":{"rendered":"<p>Sobre esse C\u00f3digo de Conduta do Fornecedor Seabras Group LLC e cada uma de suas subsidi\u00e1rias (coletivamente, \u201cSeaborn\u201d ou \u201cEmpresa\u201d) estabeleceram este C\u00f3digo de Conduta do Fornecedor (\u201cC\u00f3digo do Fornecedor\u201d) para fornecer aos seus agentes, consultores, contratados, fornecedores, vendedores e outros parceiros de neg\u00f3cios (coletivamente, \u201cFornecedores\u201d) com quem fazemos neg\u00f3cios, nossas expectativas sobre como os [&hellip;]<\/p>\n","protected":false},"author":2,"featured_media":0,"parent":4988,"menu_order":0,"comment_status":"closed","ping_status":"closed","template":"","meta":{"_acf_changed":false,"footnotes":""},"class_list":["post-4992","page","type-page","status-publish","hentry"],"acf":[],"yoast_head":"<!-- This site is optimized with the Yoast SEO plugin v27.4 - https:\/\/yoast.com\/product\/yoast-seo-wordpress\/ -->\n<title>C\u00f3digo de Conduta do Fornecedor - Seaborn Networks<\/title>\n<meta name=\"robots\" content=\"index, follow, max-snippet:-1, max-image-preview:large, max-video-preview:-1\" \/>\n<link rel=\"canonical\" href=\"https:\/\/seabornnetworks.com\/homolog\/conformidade\/codigo-de-conduta-do-fornecedor\/?lang=pt-br\" \/>\n<meta property=\"og:locale\" content=\"en_US\" \/>\n<meta property=\"og:type\" content=\"article\" \/>\n<meta property=\"og:title\" content=\"C\u00f3digo de Conduta do Fornecedor - Seaborn Networks\" \/>\n<meta property=\"og:description\" content=\"Sobre esse C\u00f3digo de Conduta do Fornecedor Seabras Group LLC e cada uma de suas subsidi\u00e1rias (coletivamente, \u201cSeaborn\u201d ou \u201cEmpresa\u201d) estabeleceram este C\u00f3digo de Conduta do Fornecedor (\u201cC\u00f3digo do Fornecedor\u201d) para fornecer aos seus agentes, consultores, contratados, fornecedores, vendedores e outros parceiros de neg\u00f3cios (coletivamente, \u201cFornecedores\u201d) com quem fazemos neg\u00f3cios, nossas expectativas sobre como os [&hellip;]\" \/>\n<meta property=\"og:url\" content=\"https:\/\/seabornnetworks.com\/homolog\/conformidade\/codigo-de-conduta-do-fornecedor\/?lang=pt-br\" \/>\n<meta property=\"og:site_name\" content=\"Seaborn Networks\" \/>\n<meta property=\"article:publisher\" content=\"https:\/\/www.facebook.com\/seabornnetworks\" \/>\n<meta property=\"article:modified_time\" content=\"2023-12-12T10:33:13+00:00\" \/>\n<meta name=\"twitter:card\" content=\"summary_large_image\" \/>\n<meta name=\"twitter:site\" content=\"@seabornnetworks\" \/>\n<meta name=\"twitter:label1\" content=\"Est. reading time\" \/>\n\t<meta name=\"twitter:data1\" content=\"7 minutes\" \/>\n<script type=\"application\/ld+json\" class=\"yoast-schema-graph\">{\"@context\":\"https:\\\/\\\/schema.org\",\"@graph\":[{\"@type\":\"WebPage\",\"@id\":\"https:\\\/\\\/seabornnetworks.com\\\/homolog\\\/conformidade\\\/codigo-de-conduta-do-fornecedor\\\/?lang=pt-br\",\"url\":\"https:\\\/\\\/seabornnetworks.com\\\/homolog\\\/conformidade\\\/codigo-de-conduta-do-fornecedor\\\/?lang=pt-br\",\"name\":\"C\u00f3digo de Conduta do Fornecedor - Seaborn Networks\",\"isPartOf\":{\"@id\":\"https:\\\/\\\/seabornnetworks.com\\\/homolog\\\/#website\"},\"datePublished\":\"2023-11-29T14:52:55+00:00\",\"dateModified\":\"2023-12-12T10:33:13+00:00\",\"breadcrumb\":{\"@id\":\"https:\\\/\\\/seabornnetworks.com\\\/homolog\\\/conformidade\\\/codigo-de-conduta-do-fornecedor\\\/?lang=pt-br#breadcrumb\"},\"inLanguage\":\"en-US\",\"potentialAction\":[{\"@type\":\"ReadAction\",\"target\":[\"https:\\\/\\\/seabornnetworks.com\\\/homolog\\\/conformidade\\\/codigo-de-conduta-do-fornecedor\\\/?lang=pt-br\"]}]},{\"@type\":\"BreadcrumbList\",\"@id\":\"https:\\\/\\\/seabornnetworks.com\\\/homolog\\\/conformidade\\\/codigo-de-conduta-do-fornecedor\\\/?lang=pt-br#breadcrumb\",\"itemListElement\":[{\"@type\":\"ListItem\",\"position\":1,\"name\":\"Home\",\"item\":\"https:\\\/\\\/seabornnetworks.com\\\/homolog\\\/\"},{\"@type\":\"ListItem\",\"position\":2,\"name\":\"Compliance\",\"item\":\"https:\\\/\\\/seabornnetworks.com\\\/homolog\\\/conformidade\\\/?lang=pt-br\"},{\"@type\":\"ListItem\",\"position\":3,\"name\":\"C\u00f3digo de Conduta do Fornecedor\"}]},{\"@type\":\"WebSite\",\"@id\":\"https:\\\/\\\/seabornnetworks.com\\\/homolog\\\/#website\",\"url\":\"https:\\\/\\\/seabornnetworks.com\\\/homolog\\\/\",\"name\":\"Seaborn Networks\",\"description\":\"Seaborn Networks is transforming global communications as the leading independent developer-owner-operator of submarine fiber optic cable systems\",\"potentialAction\":[{\"@type\":\"SearchAction\",\"target\":{\"@type\":\"EntryPoint\",\"urlTemplate\":\"https:\\\/\\\/seabornnetworks.com\\\/homolog\\\/?s={search_term_string}\"},\"query-input\":{\"@type\":\"PropertyValueSpecification\",\"valueRequired\":true,\"valueName\":\"search_term_string\"}}],\"inLanguage\":\"en-US\"}]}<\/script>\n<!-- \/ Yoast SEO plugin. -->","yoast_head_json":{"title":"C\u00f3digo de Conduta do Fornecedor - Seaborn Networks","robots":{"index":"index","follow":"follow","max-snippet":"max-snippet:-1","max-image-preview":"max-image-preview:large","max-video-preview":"max-video-preview:-1"},"canonical":"https:\/\/seabornnetworks.com\/homolog\/conformidade\/codigo-de-conduta-do-fornecedor\/?lang=pt-br","og_locale":"en_US","og_type":"article","og_title":"C\u00f3digo de Conduta do Fornecedor - Seaborn Networks","og_description":"Sobre esse C\u00f3digo de Conduta do Fornecedor Seabras Group LLC e cada uma de suas subsidi\u00e1rias (coletivamente, \u201cSeaborn\u201d ou \u201cEmpresa\u201d) estabeleceram este C\u00f3digo de Conduta do Fornecedor (\u201cC\u00f3digo do Fornecedor\u201d) para fornecer aos seus agentes, consultores, contratados, fornecedores, vendedores e outros parceiros de neg\u00f3cios (coletivamente, \u201cFornecedores\u201d) com quem fazemos neg\u00f3cios, nossas expectativas sobre como os [&hellip;]","og_url":"https:\/\/seabornnetworks.com\/homolog\/conformidade\/codigo-de-conduta-do-fornecedor\/?lang=pt-br","og_site_name":"Seaborn Networks","article_publisher":"https:\/\/www.facebook.com\/seabornnetworks","article_modified_time":"2023-12-12T10:33:13+00:00","twitter_card":"summary_large_image","twitter_site":"@seabornnetworks","twitter_misc":{"Est. reading time":"7 minutes"},"schema":{"@context":"https:\/\/schema.org","@graph":[{"@type":"WebPage","@id":"https:\/\/seabornnetworks.com\/homolog\/conformidade\/codigo-de-conduta-do-fornecedor\/?lang=pt-br","url":"https:\/\/seabornnetworks.com\/homolog\/conformidade\/codigo-de-conduta-do-fornecedor\/?lang=pt-br","name":"C\u00f3digo de Conduta do Fornecedor - Seaborn Networks","isPartOf":{"@id":"https:\/\/seabornnetworks.com\/homolog\/#website"},"datePublished":"2023-11-29T14:52:55+00:00","dateModified":"2023-12-12T10:33:13+00:00","breadcrumb":{"@id":"https:\/\/seabornnetworks.com\/homolog\/conformidade\/codigo-de-conduta-do-fornecedor\/?lang=pt-br#breadcrumb"},"inLanguage":"en-US","potentialAction":[{"@type":"ReadAction","target":["https:\/\/seabornnetworks.com\/homolog\/conformidade\/codigo-de-conduta-do-fornecedor\/?lang=pt-br"]}]},{"@type":"BreadcrumbList","@id":"https:\/\/seabornnetworks.com\/homolog\/conformidade\/codigo-de-conduta-do-fornecedor\/?lang=pt-br#breadcrumb","itemListElement":[{"@type":"ListItem","position":1,"name":"Home","item":"https:\/\/seabornnetworks.com\/homolog\/"},{"@type":"ListItem","position":2,"name":"Compliance","item":"https:\/\/seabornnetworks.com\/homolog\/conformidade\/?lang=pt-br"},{"@type":"ListItem","position":3,"name":"C\u00f3digo de Conduta do Fornecedor"}]},{"@type":"WebSite","@id":"https:\/\/seabornnetworks.com\/homolog\/#website","url":"https:\/\/seabornnetworks.com\/homolog\/","name":"Seaborn Networks","description":"Seaborn Networks is transforming global communications as the leading independent developer-owner-operator of submarine fiber optic cable systems","potentialAction":[{"@type":"SearchAction","target":{"@type":"EntryPoint","urlTemplate":"https:\/\/seabornnetworks.com\/homolog\/?s={search_term_string}"},"query-input":{"@type":"PropertyValueSpecification","valueRequired":true,"valueName":"search_term_string"}}],"inLanguage":"en-US"}]}},"_links":{"self":[{"href":"https:\/\/seabornnetworks.com\/homolog\/wp-json\/wp\/v2\/pages\/4992","targetHints":{"allow":["GET"]}}],"collection":[{"href":"https:\/\/seabornnetworks.com\/homolog\/wp-json\/wp\/v2\/pages"}],"about":[{"href":"https:\/\/seabornnetworks.com\/homolog\/wp-json\/wp\/v2\/types\/page"}],"author":[{"embeddable":true,"href":"https:\/\/seabornnetworks.com\/homolog\/wp-json\/wp\/v2\/users\/2"}],"replies":[{"embeddable":true,"href":"https:\/\/seabornnetworks.com\/homolog\/wp-json\/wp\/v2\/comments?post=4992"}],"version-history":[{"count":1,"href":"https:\/\/seabornnetworks.com\/homolog\/wp-json\/wp\/v2\/pages\/4992\/revisions"}],"predecessor-version":[{"id":4993,"href":"https:\/\/seabornnetworks.com\/homolog\/wp-json\/wp\/v2\/pages\/4992\/revisions\/4993"}],"up":[{"embeddable":true,"href":"https:\/\/seabornnetworks.com\/homolog\/wp-json\/wp\/v2\/pages\/4988"}],"wp:attachment":[{"href":"https:\/\/seabornnetworks.com\/homolog\/wp-json\/wp\/v2\/media?parent=4992"}],"curies":[{"name":"wp","href":"https:\/\/api.w.org\/{rel}","templated":true}]}}