{"id":5385,"date":"2025-04-10T03:04:59","date_gmt":"2025-04-10T02:04:59","guid":{"rendered":"https:\/\/seabornnetworks.com\/homolog\/?page_id=5385"},"modified":"2025-04-21T22:49:52","modified_gmt":"2025-04-21T21:49:52","slug":"servicos-gerenciados-de-rede","status":"publish","type":"page","link":"https:\/\/seabornnetworks.com\/homolog\/produtos\/servicos-gerenciados-de-rede\/?lang=pt-br","title":{"rendered":"Servi\u00e7os Gerenciados de Rede"},"content":{"rendered":"<p><span style=\"font-weight: 400;\">A Seaborn Networks oferece solu\u00e7\u00f5es turn-key para clientes que buscam a possibilidade de adquirir servi\u00e7os de colocation e rede, al\u00e9m de equipamentos complementares, implanta\u00e7\u00e3o, instala\u00e7\u00e3o e servi\u00e7os gerenciados.<\/span><\/p>\n<p><span style=\"font-weight: 400;\">Aproveite uma lista de fornecedores de equipamentos preferenciais e a nossa experi\u00eancia em design, configura\u00e7\u00e3o, implanta\u00e7\u00e3o, testes e instala\u00e7\u00e3o de servi\u00e7os, incluindo manuten\u00e7\u00e3o corretiva, suporte t\u00e9cnico (smart hands) e n\u00edveis de servi\u00e7o exigidos para disponibilidade. A Seaborn gerenciar\u00e1 tanto a infraestrutura pr\u00f3pria quanto a de terceiros, sob acordos de servi\u00e7o que integram m\u00faltiplos servi\u00e7os.<\/span><\/p>\n<p><strong>Para solicita\u00e7\u00f5es de projeto e informa\u00e7\u00f5es sobre pre\u00e7os desta solu\u00e7\u00e3o, entre em contato com o time comercial pelo telefone +55 11 91851-5189 ou envie um e-mail para <a href=\"mailto:info@seabornnetworks.com\">info@seabornnetworks.com<\/a><\/strong><\/p>\n","protected":false},"excerpt":{"rendered":"<p>A Seaborn Networks oferece solu\u00e7\u00f5es turn-key para clientes que buscam a possibilidade de adquirir servi\u00e7os de colocation e rede, al\u00e9m de equipamentos complementares, implanta\u00e7\u00e3o, instala\u00e7\u00e3o e servi\u00e7os gerenciados. Aproveite uma lista de fornecedores de equipamentos preferenciais e a nossa experi\u00eancia em design, configura\u00e7\u00e3o, implanta\u00e7\u00e3o, testes e instala\u00e7\u00e3o de servi\u00e7os, incluindo manuten\u00e7\u00e3o corretiva, suporte t\u00e9cnico (smart [&hellip;]<\/p>\n","protected":false},"author":6,"featured_media":5335,"parent":2087,"menu_order":9,"comment_status":"closed","ping_status":"closed","template":"","meta":{"_acf_changed":false,"footnotes":""},"class_list":["post-5385","page","type-page","status-publish","has-post-thumbnail","hentry"],"acf":[],"yoast_head":"<!-- This site is optimized with the Yoast SEO plugin v27.4 - https:\/\/yoast.com\/product\/yoast-seo-wordpress\/ -->\n<title>Servi\u00e7os Gerenciados de Rede - Seaborn Networks<\/title>\n<meta name=\"robots\" content=\"index, follow, max-snippet:-1, max-image-preview:large, max-video-preview:-1\" \/>\n<link rel=\"canonical\" href=\"https:\/\/seabornnetworks.com\/homolog\/produtos\/servicos-gerenciados-de-rede\/?lang=pt-br\" \/>\n<meta property=\"og:locale\" content=\"en_US\" \/>\n<meta property=\"og:type\" content=\"article\" \/>\n<meta property=\"og:title\" content=\"Servi\u00e7os Gerenciados de Rede - Seaborn Networks\" \/>\n<meta property=\"og:description\" content=\"A Seaborn Networks oferece solu\u00e7\u00f5es turn-key para clientes que buscam a possibilidade de adquirir servi\u00e7os de colocation e rede, al\u00e9m de equipamentos complementares, implanta\u00e7\u00e3o, instala\u00e7\u00e3o e servi\u00e7os gerenciados. Aproveite uma lista de fornecedores de equipamentos preferenciais e a nossa experi\u00eancia em design, configura\u00e7\u00e3o, implanta\u00e7\u00e3o, testes e instala\u00e7\u00e3o de servi\u00e7os, incluindo manuten\u00e7\u00e3o corretiva, suporte t\u00e9cnico (smart [&hellip;]\" \/>\n<meta property=\"og:url\" content=\"https:\/\/seabornnetworks.com\/homolog\/produtos\/servicos-gerenciados-de-rede\/?lang=pt-br\" \/>\n<meta property=\"og:site_name\" content=\"Seaborn Networks\" \/>\n<meta property=\"article:publisher\" content=\"https:\/\/www.facebook.com\/seabornnetworks\" \/>\n<meta property=\"article:modified_time\" content=\"2025-04-21T21:49:52+00:00\" \/>\n<meta property=\"og:image\" content=\"https:\/\/seabornnetworks.com\/homolog\/wp-content\/uploads\/2025\/04\/network-managed-services.png\" \/>\n\t<meta property=\"og:image:width\" content=\"1151\" \/>\n\t<meta property=\"og:image:height\" content=\"645\" \/>\n\t<meta property=\"og:image:type\" content=\"image\/png\" \/>\n<meta name=\"twitter:card\" content=\"summary_large_image\" \/>\n<meta name=\"twitter:site\" content=\"@seabornnetworks\" \/>\n<meta name=\"twitter:label1\" content=\"Est. reading time\" \/>\n\t<meta name=\"twitter:data1\" content=\"1 minute\" \/>\n<script type=\"application\/ld+json\" class=\"yoast-schema-graph\">{\"@context\":\"https:\\\/\\\/schema.org\",\"@graph\":[{\"@type\":\"WebPage\",\"@id\":\"https:\\\/\\\/seabornnetworks.com\\\/homolog\\\/produtos\\\/servicos-gerenciados-de-rede\\\/?lang=pt-br\",\"url\":\"https:\\\/\\\/seabornnetworks.com\\\/homolog\\\/produtos\\\/servicos-gerenciados-de-rede\\\/?lang=pt-br\",\"name\":\"Servi\u00e7os Gerenciados de Rede - Seaborn Networks\",\"isPartOf\":{\"@id\":\"https:\\\/\\\/seabornnetworks.com\\\/homolog\\\/#website\"},\"primaryImageOfPage\":{\"@id\":\"https:\\\/\\\/seabornnetworks.com\\\/homolog\\\/produtos\\\/servicos-gerenciados-de-rede\\\/?lang=pt-br#primaryimage\"},\"image\":{\"@id\":\"https:\\\/\\\/seabornnetworks.com\\\/homolog\\\/produtos\\\/servicos-gerenciados-de-rede\\\/?lang=pt-br#primaryimage\"},\"thumbnailUrl\":\"https:\\\/\\\/seabornnetworks.com\\\/homolog\\\/wp-content\\\/uploads\\\/2025\\\/04\\\/network-managed-services.png\",\"datePublished\":\"2025-04-10T02:04:59+00:00\",\"dateModified\":\"2025-04-21T21:49:52+00:00\",\"breadcrumb\":{\"@id\":\"https:\\\/\\\/seabornnetworks.com\\\/homolog\\\/produtos\\\/servicos-gerenciados-de-rede\\\/?lang=pt-br#breadcrumb\"},\"inLanguage\":\"en-US\",\"potentialAction\":[{\"@type\":\"ReadAction\",\"target\":[\"https:\\\/\\\/seabornnetworks.com\\\/homolog\\\/produtos\\\/servicos-gerenciados-de-rede\\\/?lang=pt-br\"]}]},{\"@type\":\"ImageObject\",\"inLanguage\":\"en-US\",\"@id\":\"https:\\\/\\\/seabornnetworks.com\\\/homolog\\\/produtos\\\/servicos-gerenciados-de-rede\\\/?lang=pt-br#primaryimage\",\"url\":\"https:\\\/\\\/seabornnetworks.com\\\/homolog\\\/wp-content\\\/uploads\\\/2025\\\/04\\\/network-managed-services.png\",\"contentUrl\":\"https:\\\/\\\/seabornnetworks.com\\\/homolog\\\/wp-content\\\/uploads\\\/2025\\\/04\\\/network-managed-services.png\",\"width\":1151,\"height\":645},{\"@type\":\"BreadcrumbList\",\"@id\":\"https:\\\/\\\/seabornnetworks.com\\\/homolog\\\/produtos\\\/servicos-gerenciados-de-rede\\\/?lang=pt-br#breadcrumb\",\"itemListElement\":[{\"@type\":\"ListItem\",\"position\":1,\"name\":\"Home\",\"item\":\"https:\\\/\\\/seabornnetworks.com\\\/homolog\\\/\"},{\"@type\":\"ListItem\",\"position\":2,\"name\":\"Produtos da Seaborn Networks\",\"item\":\"https:\\\/\\\/seabornnetworks.com\\\/homolog\\\/produtos\\\/?lang=pt-br\"},{\"@type\":\"ListItem\",\"position\":3,\"name\":\"Servi\u00e7os Gerenciados de Rede\"}]},{\"@type\":\"WebSite\",\"@id\":\"https:\\\/\\\/seabornnetworks.com\\\/homolog\\\/#website\",\"url\":\"https:\\\/\\\/seabornnetworks.com\\\/homolog\\\/\",\"name\":\"Seaborn Networks\",\"description\":\"Seaborn Networks is transforming global communications as the leading independent developer-owner-operator of submarine fiber optic cable systems\",\"potentialAction\":[{\"@type\":\"SearchAction\",\"target\":{\"@type\":\"EntryPoint\",\"urlTemplate\":\"https:\\\/\\\/seabornnetworks.com\\\/homolog\\\/?s={search_term_string}\"},\"query-input\":{\"@type\":\"PropertyValueSpecification\",\"valueRequired\":true,\"valueName\":\"search_term_string\"}}],\"inLanguage\":\"en-US\"}]}<\/script>\n<!-- \/ Yoast SEO plugin. -->","yoast_head_json":{"title":"Servi\u00e7os Gerenciados de Rede - Seaborn Networks","robots":{"index":"index","follow":"follow","max-snippet":"max-snippet:-1","max-image-preview":"max-image-preview:large","max-video-preview":"max-video-preview:-1"},"canonical":"https:\/\/seabornnetworks.com\/homolog\/produtos\/servicos-gerenciados-de-rede\/?lang=pt-br","og_locale":"en_US","og_type":"article","og_title":"Servi\u00e7os Gerenciados de Rede - Seaborn Networks","og_description":"A Seaborn Networks oferece solu\u00e7\u00f5es turn-key para clientes que buscam a possibilidade de adquirir servi\u00e7os de colocation e rede, al\u00e9m de equipamentos complementares, implanta\u00e7\u00e3o, instala\u00e7\u00e3o e servi\u00e7os gerenciados. Aproveite uma lista de fornecedores de equipamentos preferenciais e a nossa experi\u00eancia em design, configura\u00e7\u00e3o, implanta\u00e7\u00e3o, testes e instala\u00e7\u00e3o de servi\u00e7os, incluindo manuten\u00e7\u00e3o corretiva, suporte t\u00e9cnico (smart [&hellip;]","og_url":"https:\/\/seabornnetworks.com\/homolog\/produtos\/servicos-gerenciados-de-rede\/?lang=pt-br","og_site_name":"Seaborn Networks","article_publisher":"https:\/\/www.facebook.com\/seabornnetworks","article_modified_time":"2025-04-21T21:49:52+00:00","og_image":[{"width":1151,"height":645,"url":"https:\/\/seabornnetworks.com\/homolog\/wp-content\/uploads\/2025\/04\/network-managed-services.png","type":"image\/png"}],"twitter_card":"summary_large_image","twitter_site":"@seabornnetworks","twitter_misc":{"Est. reading time":"1 minute"},"schema":{"@context":"https:\/\/schema.org","@graph":[{"@type":"WebPage","@id":"https:\/\/seabornnetworks.com\/homolog\/produtos\/servicos-gerenciados-de-rede\/?lang=pt-br","url":"https:\/\/seabornnetworks.com\/homolog\/produtos\/servicos-gerenciados-de-rede\/?lang=pt-br","name":"Servi\u00e7os Gerenciados de Rede - Seaborn Networks","isPartOf":{"@id":"https:\/\/seabornnetworks.com\/homolog\/#website"},"primaryImageOfPage":{"@id":"https:\/\/seabornnetworks.com\/homolog\/produtos\/servicos-gerenciados-de-rede\/?lang=pt-br#primaryimage"},"image":{"@id":"https:\/\/seabornnetworks.com\/homolog\/produtos\/servicos-gerenciados-de-rede\/?lang=pt-br#primaryimage"},"thumbnailUrl":"https:\/\/seabornnetworks.com\/homolog\/wp-content\/uploads\/2025\/04\/network-managed-services.png","datePublished":"2025-04-10T02:04:59+00:00","dateModified":"2025-04-21T21:49:52+00:00","breadcrumb":{"@id":"https:\/\/seabornnetworks.com\/homolog\/produtos\/servicos-gerenciados-de-rede\/?lang=pt-br#breadcrumb"},"inLanguage":"en-US","potentialAction":[{"@type":"ReadAction","target":["https:\/\/seabornnetworks.com\/homolog\/produtos\/servicos-gerenciados-de-rede\/?lang=pt-br"]}]},{"@type":"ImageObject","inLanguage":"en-US","@id":"https:\/\/seabornnetworks.com\/homolog\/produtos\/servicos-gerenciados-de-rede\/?lang=pt-br#primaryimage","url":"https:\/\/seabornnetworks.com\/homolog\/wp-content\/uploads\/2025\/04\/network-managed-services.png","contentUrl":"https:\/\/seabornnetworks.com\/homolog\/wp-content\/uploads\/2025\/04\/network-managed-services.png","width":1151,"height":645},{"@type":"BreadcrumbList","@id":"https:\/\/seabornnetworks.com\/homolog\/produtos\/servicos-gerenciados-de-rede\/?lang=pt-br#breadcrumb","itemListElement":[{"@type":"ListItem","position":1,"name":"Home","item":"https:\/\/seabornnetworks.com\/homolog\/"},{"@type":"ListItem","position":2,"name":"Produtos da Seaborn Networks","item":"https:\/\/seabornnetworks.com\/homolog\/produtos\/?lang=pt-br"},{"@type":"ListItem","position":3,"name":"Servi\u00e7os Gerenciados de Rede"}]},{"@type":"WebSite","@id":"https:\/\/seabornnetworks.com\/homolog\/#website","url":"https:\/\/seabornnetworks.com\/homolog\/","name":"Seaborn Networks","description":"Seaborn Networks is transforming global communications as the leading independent developer-owner-operator of submarine fiber optic cable systems","potentialAction":[{"@type":"SearchAction","target":{"@type":"EntryPoint","urlTemplate":"https:\/\/seabornnetworks.com\/homolog\/?s={search_term_string}"},"query-input":{"@type":"PropertyValueSpecification","valueRequired":true,"valueName":"search_term_string"}}],"inLanguage":"en-US"}]}},"_links":{"self":[{"href":"https:\/\/seabornnetworks.com\/homolog\/wp-json\/wp\/v2\/pages\/5385","targetHints":{"allow":["GET"]}}],"collection":[{"href":"https:\/\/seabornnetworks.com\/homolog\/wp-json\/wp\/v2\/pages"}],"about":[{"href":"https:\/\/seabornnetworks.com\/homolog\/wp-json\/wp\/v2\/types\/page"}],"author":[{"embeddable":true,"href":"https:\/\/seabornnetworks.com\/homolog\/wp-json\/wp\/v2\/users\/6"}],"replies":[{"embeddable":true,"href":"https:\/\/seabornnetworks.com\/homolog\/wp-json\/wp\/v2\/comments?post=5385"}],"version-history":[{"count":1,"href":"https:\/\/seabornnetworks.com\/homolog\/wp-json\/wp\/v2\/pages\/5385\/revisions"}],"predecessor-version":[{"id":5386,"href":"https:\/\/seabornnetworks.com\/homolog\/wp-json\/wp\/v2\/pages\/5385\/revisions\/5386"}],"up":[{"embeddable":true,"href":"https:\/\/seabornnetworks.com\/homolog\/wp-json\/wp\/v2\/pages\/2087"}],"wp:featuredmedia":[{"embeddable":true,"href":"https:\/\/seabornnetworks.com\/homolog\/wp-json\/wp\/v2\/media\/5335"}],"wp:attachment":[{"href":"https:\/\/seabornnetworks.com\/homolog\/wp-json\/wp\/v2\/media?parent=5385"}],"curies":[{"name":"wp","href":"https:\/\/api.w.org\/{rel}","templated":true}]}}